{"id":500,"date":"2013-07-16T19:33:45","date_gmt":"2013-07-16T17:33:45","guid":{"rendered":"https:\/\/dendrocopos.com\/?page_id=500"},"modified":"2021-03-07T20:50:45","modified_gmt":"2021-03-07T18:50:45","slug":"thavels","status":"publish","type":"page","link":"https:\/\/dendrocopos.com\/?page_id=500","title":{"rendered":"TRAVELS"},"content":{"rendered":"<div id='gallery-1' class='gallery galleryid-500 gallery-columns-7 gallery-size-thumbnail'><figure class='gallery-item'>\n\t\t\t<div class='gallery-icon portrait'>\n\t\t\t\t<a href='https:\/\/dendrocopos.com\/?attachment_id=3104'><img loading=\"lazy\" decoding=\"async\" width=\"113\" height=\"150\" src=\"https:\/\/www.dendrocopos.com\/wp-content\/uploads\/2021\/03\/riisitunturi12INS-113x150.jpg\" class=\"attachment-thumbnail size-thumbnail\" alt=\"\" aria-describedby=\"gallery-1-3104\" srcset=\"https:\/\/www.dendrocopos.com\/wp-content\/uploads\/2021\/03\/riisitunturi12INS-113x150.jpg 113w, https:\/\/www.dendrocopos.com\/wp-content\/uploads\/2021\/03\/riisitunturi12INS-150x200.jpg 150w, https:\/\/www.dendrocopos.com\/wp-content\/uploads\/2021\/03\/riisitunturi12INS-400x533.jpg 400w, https:\/\/www.dendrocopos.com\/wp-content\/uploads\/2021\/03\/riisitunturi12INS.jpg 640w\" sizes=\"auto, (max-width: 113px) 100vw, 113px\" \/><\/a>\n\t\t\t<\/div>\n\t\t\t\t<figcaption class='wp-caption-text gallery-caption' id='gallery-1-3104'>\n\t\t\t\tNorthern lights\n\t\t\t\t<\/figcaption><\/figure><figure class='gallery-item'>\n\t\t\t<div class='gallery-icon landscape'>\n\t\t\t\t<a href='https:\/\/dendrocopos.com\/?attachment_id=3103'><img loading=\"lazy\" decoding=\"async\" width=\"150\" height=\"113\" src=\"https:\/\/www.dendrocopos.com\/wp-content\/uploads\/2021\/03\/riisitunturi20-150x113.jpg\" class=\"attachment-thumbnail size-thumbnail\" alt=\"\" aria-describedby=\"gallery-1-3103\" srcset=\"https:\/\/www.dendrocopos.com\/wp-content\/uploads\/2021\/03\/riisitunturi20-150x113.jpg 150w, https:\/\/www.dendrocopos.com\/wp-content\/uploads\/2021\/03\/riisitunturi20-200x150.jpg 200w, https:\/\/www.dendrocopos.com\/wp-content\/uploads\/2021\/03\/riisitunturi20-711x533.jpg 711w, https:\/\/www.dendrocopos.com\/wp-content\/uploads\/2021\/03\/riisitunturi20-768x576.jpg 768w, https:\/\/www.dendrocopos.com\/wp-content\/uploads\/2021\/03\/riisitunturi20.jpg 1080w\" sizes=\"auto, (max-width: 150px) 100vw, 150px\" \/><\/a>\n\t\t\t<\/div>\n\t\t\t\t<figcaption class='wp-caption-text gallery-caption' id='gallery-1-3103'>\n\t\t\t\tNorthern lights\n\t\t\t\t<\/figcaption><\/figure><figure class='gallery-item'>\n\t\t\t<div class='gallery-icon landscape'>\n\t\t\t\t<a href='https:\/\/dendrocopos.com\/?attachment_id=3100'><img loading=\"lazy\" decoding=\"async\" width=\"150\" height=\"100\" src=\"https:\/\/www.dendrocopos.com\/wp-content\/uploads\/2021\/03\/northerlights13-150x100.jpg\" class=\"attachment-thumbnail size-thumbnail\" alt=\"\" aria-describedby=\"gallery-1-3100\" srcset=\"https:\/\/www.dendrocopos.com\/wp-content\/uploads\/2021\/03\/northerlights13-150x100.jpg 150w, https:\/\/www.dendrocopos.com\/wp-content\/uploads\/2021\/03\/northerlights13-200x133.jpg 200w, https:\/\/www.dendrocopos.com\/wp-content\/uploads\/2021\/03\/northerlights13-800x533.jpg 800w, https:\/\/www.dendrocopos.com\/wp-content\/uploads\/2021\/03\/northerlights13-768x512.jpg 768w, https:\/\/www.dendrocopos.com\/wp-content\/uploads\/2021\/03\/northerlights13.jpg 1080w\" sizes=\"auto, (max-width: 150px) 100vw, 150px\" \/><\/a>\n\t\t\t<\/div>\n\t\t\t\t<figcaption class='wp-caption-text gallery-caption' id='gallery-1-3100'>\n\t\t\t\tSenja\n\t\t\t\t<\/figcaption><\/figure><figure class='gallery-item'>\n\t\t\t<div class='gallery-icon landscape'>\n\t\t\t\t<a href='https:\/\/dendrocopos.com\/?attachment_id=2764'><img loading=\"lazy\" decoding=\"async\" width=\"150\" height=\"84\" src=\"https:\/\/www.dendrocopos.com\/wp-content\/uploads\/2021\/03\/LandscapesWaterscapesFlora_Snowstorm-150x84.jpg\" class=\"attachment-thumbnail size-thumbnail\" alt=\"\" aria-describedby=\"gallery-1-2764\" srcset=\"https:\/\/www.dendrocopos.com\/wp-content\/uploads\/2021\/03\/LandscapesWaterscapesFlora_Snowstorm-150x84.jpg 150w, https:\/\/www.dendrocopos.com\/wp-content\/uploads\/2021\/03\/LandscapesWaterscapesFlora_Snowstorm-200x113.jpg 200w, https:\/\/www.dendrocopos.com\/wp-content\/uploads\/2021\/03\/LandscapesWaterscapesFlora_Snowstorm-800x450.jpg 800w, https:\/\/www.dendrocopos.com\/wp-content\/uploads\/2021\/03\/LandscapesWaterscapesFlora_Snowstorm-768x432.jpg 768w, https:\/\/www.dendrocopos.com\/wp-content\/uploads\/2021\/03\/LandscapesWaterscapesFlora_Snowstorm.jpg 1280w\" sizes=\"auto, (max-width: 150px) 100vw, 150px\" \/><\/a>\n\t\t\t<\/div>\n\t\t\t\t<figcaption class='wp-caption-text gallery-caption' id='gallery-1-2764'>\n\t\t\t\tJ\u00f6kuls\u00e1rl\u00f3n\n\t\t\t\t<\/figcaption><\/figure><figure class='gallery-item'>\n\t\t\t<div class='gallery-icon landscape'>\n\t\t\t\t<a href='https:\/\/dendrocopos.com\/?attachment_id=3098'><img loading=\"lazy\" decoding=\"async\" width=\"150\" height=\"100\" src=\"https:\/\/www.dendrocopos.com\/wp-content\/uploads\/2021\/03\/auroravardo-150x100.jpg\" class=\"attachment-thumbnail size-thumbnail\" alt=\"\" aria-describedby=\"gallery-1-3098\" srcset=\"https:\/\/www.dendrocopos.com\/wp-content\/uploads\/2021\/03\/auroravardo-150x100.jpg 150w, https:\/\/www.dendrocopos.com\/wp-content\/uploads\/2021\/03\/auroravardo-200x133.jpg 200w, https:\/\/www.dendrocopos.com\/wp-content\/uploads\/2021\/03\/auroravardo-800x533.jpg 800w, https:\/\/www.dendrocopos.com\/wp-content\/uploads\/2021\/03\/auroravardo-768x512.jpg 768w, https:\/\/www.dendrocopos.com\/wp-content\/uploads\/2021\/03\/auroravardo.jpg 960w\" sizes=\"auto, (max-width: 150px) 100vw, 150px\" \/><\/a>\n\t\t\t<\/div>\n\t\t\t\t<figcaption class='wp-caption-text gallery-caption' id='gallery-1-3098'>\n\t\t\t\tHornoya\n\t\t\t\t<\/figcaption><\/figure><figure class='gallery-item'>\n\t\t\t<div class='gallery-icon landscape'>\n\t\t\t\t<a href='https:\/\/dendrocopos.com\/?attachment_id=3055'><img loading=\"lazy\" decoding=\"async\" width=\"150\" height=\"100\" src=\"https:\/\/www.dendrocopos.com\/wp-content\/uploads\/2021\/03\/25A4028-150x100.jpg\" class=\"attachment-thumbnail size-thumbnail\" alt=\"\" aria-describedby=\"gallery-1-3055\" srcset=\"https:\/\/www.dendrocopos.com\/wp-content\/uploads\/2021\/03\/25A4028-150x100.jpg 150w, https:\/\/www.dendrocopos.com\/wp-content\/uploads\/2021\/03\/25A4028-200x133.jpg 200w, https:\/\/www.dendrocopos.com\/wp-content\/uploads\/2021\/03\/25A4028-800x533.jpg 800w, https:\/\/www.dendrocopos.com\/wp-content\/uploads\/2021\/03\/25A4028-768x512.jpg 768w, https:\/\/www.dendrocopos.com\/wp-content\/uploads\/2021\/03\/25A4028.jpg 1080w\" sizes=\"auto, (max-width: 150px) 100vw, 150px\" \/><\/a>\n\t\t\t<\/div>\n\t\t\t\t<figcaption class='wp-caption-text gallery-caption' id='gallery-1-3055'>\n\t\t\t\tSenja\n\t\t\t\t<\/figcaption><\/figure><figure class='gallery-item'>\n\t\t\t<div class='gallery-icon portrait'>\n\t\t\t\t<a href='https:\/\/dendrocopos.com\/?attachment_id=3097'><img loading=\"lazy\" decoding=\"async\" width=\"113\" height=\"150\" src=\"https:\/\/www.dendrocopos.com\/wp-content\/uploads\/2021\/03\/auroraI-113x150.jpg\" class=\"attachment-thumbnail size-thumbnail\" alt=\"\" aria-describedby=\"gallery-1-3097\" srcset=\"https:\/\/www.dendrocopos.com\/wp-content\/uploads\/2021\/03\/auroraI-113x150.jpg 113w, https:\/\/www.dendrocopos.com\/wp-content\/uploads\/2021\/03\/auroraI-150x200.jpg 150w, https:\/\/www.dendrocopos.com\/wp-content\/uploads\/2021\/03\/auroraI-400x533.jpg 400w, https:\/\/www.dendrocopos.com\/wp-content\/uploads\/2021\/03\/auroraI.jpg 640w\" sizes=\"auto, (max-width: 113px) 100vw, 113px\" \/><\/a>\n\t\t\t<\/div>\n\t\t\t\t<figcaption class='wp-caption-text gallery-caption' id='gallery-1-3097'>\n\t\t\t\tSenja\n\t\t\t\t<\/figcaption><\/figure><figure class='gallery-item'>\n\t\t\t<div class='gallery-icon landscape'>\n\t\t\t\t<a href='https:\/\/dendrocopos.com\/?attachment_id=3056'><img loading=\"lazy\" decoding=\"async\" width=\"150\" height=\"100\" src=\"https:\/\/www.dendrocopos.com\/wp-content\/uploads\/2021\/03\/25A4758-150x100.jpg\" class=\"attachment-thumbnail size-thumbnail\" alt=\"NORWAY\" aria-describedby=\"gallery-1-3056\" srcset=\"https:\/\/www.dendrocopos.com\/wp-content\/uploads\/2021\/03\/25A4758-150x100.jpg 150w, https:\/\/www.dendrocopos.com\/wp-content\/uploads\/2021\/03\/25A4758-200x133.jpg 200w, https:\/\/www.dendrocopos.com\/wp-content\/uploads\/2021\/03\/25A4758-800x533.jpg 800w, https:\/\/www.dendrocopos.com\/wp-content\/uploads\/2021\/03\/25A4758-768x512.jpg 768w, https:\/\/www.dendrocopos.com\/wp-content\/uploads\/2021\/03\/25A4758.jpg 960w\" sizes=\"auto, (max-width: 150px) 100vw, 150px\" \/><\/a>\n\t\t\t<\/div>\n\t\t\t\t<figcaption class='wp-caption-text gallery-caption' id='gallery-1-3056'>\n\t\t\t\tFJORD\n\t\t\t\t<\/figcaption><\/figure><figure class='gallery-item'>\n\t\t\t<div class='gallery-icon landscape'>\n\t\t\t\t<a href='https:\/\/dendrocopos.com\/?attachment_id=2628'><img loading=\"lazy\" decoding=\"async\" width=\"150\" height=\"150\" src=\"https:\/\/www.dendrocopos.com\/wp-content\/uploads\/2013\/07\/northernlightsweb-e1527964917758-150x150.jpg\" class=\"attachment-thumbnail size-thumbnail\" alt=\"Aurora boreal\" aria-describedby=\"gallery-1-2628\" \/><\/a>\n\t\t\t<\/div>\n\t\t\t\t<figcaption class='wp-caption-text gallery-caption' id='gallery-1-2628'>\n\t\t\t\tNorthern lights\n\t\t\t\t<\/figcaption><\/figure><figure class='gallery-item'>\n\t\t\t<div class='gallery-icon portrait'>\n\t\t\t\t<a href='https:\/\/dendrocopos.com\/?attachment_id=2587'><img loading=\"lazy\" decoding=\"async\" width=\"150\" height=\"150\" src=\"https:\/\/www.dendrocopos.com\/wp-content\/uploads\/2013\/07\/25A4077-e1494176913274-150x150.jpg\" class=\"attachment-thumbnail size-thumbnail\" alt=\"High key (Asturias)\" aria-describedby=\"gallery-1-2587\" \/><\/a>\n\t\t\t<\/div>\n\t\t\t\t<figcaption class='wp-caption-text gallery-caption' id='gallery-1-2587'>\n\t\t\t\tHigh key (Asturias)\n\t\t\t\t<\/figcaption><\/figure><figure class='gallery-item'>\n\t\t\t<div class='gallery-icon landscape'>\n\t\t\t\t<a href='https:\/\/dendrocopos.com\/?attachment_id=2648'><img loading=\"lazy\" decoding=\"async\" width=\"150\" height=\"99\" src=\"https:\/\/www.dendrocopos.com\/wp-content\/uploads\/2013\/07\/lastlights-150x99.jpg\" class=\"attachment-thumbnail size-thumbnail\" alt=\"\" aria-describedby=\"gallery-1-2648\" srcset=\"https:\/\/www.dendrocopos.com\/wp-content\/uploads\/2013\/07\/lastlights-150x99.jpg 150w, https:\/\/www.dendrocopos.com\/wp-content\/uploads\/2013\/07\/lastlights-200x133.jpg 200w, https:\/\/www.dendrocopos.com\/wp-content\/uploads\/2013\/07\/lastlights-480x319.jpg 480w, https:\/\/www.dendrocopos.com\/wp-content\/uploads\/2013\/07\/lastlights.jpg 500w\" sizes=\"auto, (max-width: 150px) 100vw, 150px\" \/><\/a>\n\t\t\t<\/div>\n\t\t\t\t<figcaption class='wp-caption-text gallery-caption' id='gallery-1-2648'>\n\t\t\t\tTaiga\n\t\t\t\t<\/figcaption><\/figure><figure class='gallery-item'>\n\t\t\t<div class='gallery-icon landscape'>\n\t\t\t\t<a href='https:\/\/dendrocopos.com\/?attachment_id=2579'><img loading=\"lazy\" decoding=\"async\" width=\"150\" height=\"150\" src=\"https:\/\/www.dendrocopos.com\/wp-content\/uploads\/2017\/03\/aurora3w-e1490638444665-150x150.jpg\" class=\"attachment-thumbnail size-thumbnail\" alt=\"Aurora boreal\" aria-describedby=\"gallery-1-2579\" \/><\/a>\n\t\t\t<\/div>\n\t\t\t\t<figcaption class='wp-caption-text gallery-caption' id='gallery-1-2579'>\n\t\t\t\tNorthern lights\n\t\t\t\t<\/figcaption><\/figure><figure class='gallery-item'>\n\t\t\t<div class='gallery-icon landscape'>\n\t\t\t\t<a href='https:\/\/dendrocopos.com\/?attachment_id=2566'><img loading=\"lazy\" decoding=\"async\" width=\"150\" height=\"150\" src=\"https:\/\/www.dendrocopos.com\/wp-content\/uploads\/2017\/03\/reydrangar-e1490517640732-150x150.jpg\" class=\"attachment-thumbnail size-thumbnail\" alt=\"\" aria-describedby=\"gallery-1-2566\" \/><\/a>\n\t\t\t<\/div>\n\t\t\t\t<figcaption class='wp-caption-text gallery-caption' id='gallery-1-2566'>\n\t\t\t\tReynisdrangar, Vik\n\t\t\t\t<\/figcaption><\/figure><figure class='gallery-item'>\n\t\t\t<div class='gallery-icon landscape'>\n\t\t\t\t<a href='https:\/\/dendrocopos.com\/?attachment_id=2567'><img loading=\"lazy\" decoding=\"async\" width=\"150\" height=\"150\" src=\"https:\/\/www.dendrocopos.com\/wp-content\/uploads\/2017\/03\/stokness01-e1490517687401-150x150.jpg\" class=\"attachment-thumbnail size-thumbnail\" alt=\"\" aria-describedby=\"gallery-1-2567\" \/><\/a>\n\t\t\t<\/div>\n\t\t\t\t<figcaption class='wp-caption-text gallery-caption' id='gallery-1-2567'>\n\t\t\t\tStokness\n\t\t\t\t<\/figcaption><\/figure><figure class='gallery-item'>\n\t\t\t<div class='gallery-icon landscape'>\n\t\t\t\t<a href='https:\/\/dendrocopos.com\/?attachment_id=2565'><img loading=\"lazy\" decoding=\"async\" width=\"150\" height=\"150\" src=\"https:\/\/www.dendrocopos.com\/wp-content\/uploads\/2017\/03\/renos-e1490517505924-150x150.jpg\" class=\"attachment-thumbnail size-thumbnail\" alt=\"\" aria-describedby=\"gallery-1-2565\" \/><\/a>\n\t\t\t<\/div>\n\t\t\t\t<figcaption class='wp-caption-text gallery-caption' id='gallery-1-2565'>\n\t\t\t\tRenos \n\t\t\t\t<\/figcaption><\/figure><figure class='gallery-item'>\n\t\t\t<div class='gallery-icon landscape'>\n\t\t\t\t<a href='https:\/\/dendrocopos.com\/?attachment_id=2564'><img loading=\"lazy\" decoding=\"async\" width=\"150\" height=\"150\" src=\"https:\/\/www.dendrocopos.com\/wp-content\/uploads\/2017\/03\/Playa-en-Jorkursalon-e1490517450257-150x150.jpg\" class=\"attachment-thumbnail size-thumbnail\" alt=\"\" aria-describedby=\"gallery-1-2564\" \/><\/a>\n\t\t\t<\/div>\n\t\t\t\t<figcaption class='wp-caption-text gallery-caption' id='gallery-1-2564'>\n\t\t\t\tJ\u00f6kuls\u00e1rl\u00f3n\n\t\t\t\t<\/figcaption><\/figure><figure class='gallery-item'>\n\t\t\t<div class='gallery-icon landscape'>\n\t\t\t\t<a href='https:\/\/dendrocopos.com\/?attachment_id=2407'><img loading=\"lazy\" decoding=\"async\" width=\"150\" height=\"150\" src=\"https:\/\/www.dendrocopos.com\/wp-content\/uploads\/2016\/01\/diversidad-e1452454720326-150x150.jpg\" class=\"attachment-thumbnail size-thumbnail\" alt=\"\" aria-describedby=\"gallery-1-2407\" \/><\/a>\n\t\t\t<\/div>\n\t\t\t\t<figcaption class='wp-caption-text gallery-caption' id='gallery-1-2407'>\n\t\t\t\tColores de oto\u00f1o\n\t\t\t\t<\/figcaption><\/figure><figure class='gallery-item'>\n\t\t\t<div class='gallery-icon portrait'>\n\t\t\t\t<a href='https:\/\/dendrocopos.com\/?attachment_id=2414'><img loading=\"lazy\" decoding=\"async\" width=\"150\" height=\"150\" src=\"https:\/\/www.dendrocopos.com\/wp-content\/uploads\/2016\/01\/nieblas-e1452455283979-150x150.jpg\" class=\"attachment-thumbnail size-thumbnail\" alt=\"\" aria-describedby=\"gallery-1-2414\" \/><\/a>\n\t\t\t<\/div>\n\t\t\t\t<figcaption class='wp-caption-text gallery-caption' id='gallery-1-2414'>\n\t\t\t\tOto\u00f1o invernal\n\t\t\t\t<\/figcaption><\/figure><figure class='gallery-item'>\n\t\t\t<div class='gallery-icon landscape'>\n\t\t\t\t<a href='https:\/\/dendrocopos.com\/?attachment_id=2417'><img loading=\"lazy\" decoding=\"async\" width=\"150\" height=\"150\" src=\"https:\/\/www.dendrocopos.com\/wp-content\/uploads\/2016\/01\/rioaraenoto\u00f1o-e1452455651225-150x150.jpg\" class=\"attachment-thumbnail size-thumbnail\" alt=\"\" aria-describedby=\"gallery-1-2417\" \/><\/a>\n\t\t\t<\/div>\n\t\t\t\t<figcaption class='wp-caption-text gallery-caption' id='gallery-1-2417'>\n\t\t\t\tR\u00edo Ara\n\t\t\t\t<\/figcaption><\/figure><figure class='gallery-item'>\n\t\t\t<div class='gallery-icon landscape'>\n\t\t\t\t<a href='https:\/\/dendrocopos.com\/?attachment_id=1810'><img loading=\"lazy\" decoding=\"async\" width=\"150\" height=\"150\" src=\"https:\/\/www.dendrocopos.com\/wp-content\/uploads\/2013\/07\/15_laislal-e1380360069909-150x150.jpg\" class=\"attachment-thumbnail size-thumbnail\" alt=\"Isla solitaria (Lofoten)\" aria-describedby=\"gallery-1-1810\" \/><\/a>\n\t\t\t<\/div>\n\t\t\t\t<figcaption class='wp-caption-text gallery-caption' id='gallery-1-1810'>\n\t\t\t\tSolitary  island (Lofoten)\n\t\t\t\t<\/figcaption><\/figure><figure class='gallery-item'>\n\t\t\t<div class='gallery-icon landscape'>\n\t\t\t\t<a href='https:\/\/dendrocopos.com\/?attachment_id=2580'><img loading=\"lazy\" decoding=\"async\" width=\"150\" height=\"150\" src=\"https:\/\/www.dendrocopos.com\/wp-content\/uploads\/2017\/03\/reynisdrangarh-e1490638721984-150x150.jpg\" class=\"attachment-thumbnail size-thumbnail\" alt=\"Reynisdrangar, Vik (Iceland)\" \/><\/a>\n\t\t\t<\/div><\/figure>\n\t\t<\/div>\n\n","protected":false},"excerpt":{"rendered":"","protected":false},"author":1,"featured_media":0,"parent":0,"menu_order":0,"comment_status":"closed","ping_status":"closed","template":"","meta":{"footnotes":""},"class_list":["post-500","page","type-page","status-publish","hentry"],"jetpack_sharing_enabled":true,"_links":{"self":[{"href":"https:\/\/dendrocopos.com\/index.php?rest_route=\/wp\/v2\/pages\/500","targetHints":{"allow":["GET"]}}],"collection":[{"href":"https:\/\/dendrocopos.com\/index.php?rest_route=\/wp\/v2\/pages"}],"about":[{"href":"https:\/\/dendrocopos.com\/index.php?rest_route=\/wp\/v2\/types\/page"}],"author":[{"embeddable":true,"href":"https:\/\/dendrocopos.com\/index.php?rest_route=\/wp\/v2\/users\/1"}],"replies":[{"embeddable":true,"href":"https:\/\/dendrocopos.com\/index.php?rest_route=%2Fwp%2Fv2%2Fcomments&post=500"}],"version-history":[{"count":4,"href":"https:\/\/dendrocopos.com\/index.php?rest_route=\/wp\/v2\/pages\/500\/revisions"}],"predecessor-version":[{"id":3158,"href":"https:\/\/dendrocopos.com\/index.php?rest_route=\/wp\/v2\/pages\/500\/revisions\/3158"}],"wp:attachment":[{"href":"https:\/\/dendrocopos.com\/index.php?rest_route=%2Fwp%2Fv2%2Fmedia&parent=500"}],"curies":[{"name":"wp","href":"https:\/\/api.w.org\/{rel}","templated":true}]}}