{"id":2971,"date":"2021-03-06T21:44:26","date_gmt":"2021-03-06T19:44:26","guid":{"rendered":"https:\/\/dendrocopos.com\/?page_id=2971"},"modified":"2021-03-15T21:00:24","modified_gmt":"2021-03-15T19:00:24","slug":"iceland","status":"publish","type":"page","link":"https:\/\/dendrocopos.com\/?page_id=2971","title":{"rendered":"Iceland"},"content":{"rendered":"<div id='gallery-1' class='gallery galleryid-2971 gallery-columns-5 gallery-size-large'><figure class='gallery-item'>\n\t\t\t<div class='gallery-icon landscape'>\n\t\t\t\t<a href='https:\/\/dendrocopos.com\/?attachment_id=2575'><img loading=\"lazy\" decoding=\"async\" width=\"800\" height=\"533\" src=\"https:\/\/www.dendrocopos.com\/wp-content\/uploads\/2017\/03\/Fulmar-boreal.jpg\" class=\"attachment-large size-large\" alt=\"Fulmar boreal\" aria-describedby=\"gallery-1-2575\" srcset=\"https:\/\/www.dendrocopos.com\/wp-content\/uploads\/2017\/03\/Fulmar-boreal.jpg 800w, https:\/\/www.dendrocopos.com\/wp-content\/uploads\/2017\/03\/Fulmar-boreal-200x133.jpg 200w, https:\/\/www.dendrocopos.com\/wp-content\/uploads\/2017\/03\/Fulmar-boreal-480x319.jpg 480w\" sizes=\"auto, (max-width: 800px) 100vw, 800px\" \/><\/a>\n\t\t\t<\/div>\n\t\t\t\t<figcaption class='wp-caption-text gallery-caption' id='gallery-1-2575'>\n\t\t\t\tBoreal fulmar\n\t\t\t\t<\/figcaption><\/figure><figure class='gallery-item'>\n\t\t\t<div class='gallery-icon landscape'>\n\t\t\t\t<a href='https:\/\/dendrocopos.com\/?attachment_id=2567'><img loading=\"lazy\" decoding=\"async\" width=\"800\" height=\"533\" src=\"https:\/\/www.dendrocopos.com\/wp-content\/uploads\/2017\/03\/stokness01.jpg\" class=\"attachment-large size-large\" alt=\"\" aria-describedby=\"gallery-1-2567\" srcset=\"https:\/\/www.dendrocopos.com\/wp-content\/uploads\/2017\/03\/stokness01.jpg 800w, https:\/\/www.dendrocopos.com\/wp-content\/uploads\/2017\/03\/stokness01-200x133.jpg 200w, https:\/\/www.dendrocopos.com\/wp-content\/uploads\/2017\/03\/stokness01-480x319.jpg 480w\" sizes=\"auto, (max-width: 800px) 100vw, 800px\" \/><\/a>\n\t\t\t<\/div>\n\t\t\t\t<figcaption class='wp-caption-text gallery-caption' id='gallery-1-2567'>\n\t\t\t\tStokness\n\t\t\t\t<\/figcaption><\/figure><figure class='gallery-item'>\n\t\t\t<div class='gallery-icon landscape'>\n\t\t\t\t<a href='https:\/\/dendrocopos.com\/?attachment_id=2550'><img loading=\"lazy\" decoding=\"async\" width=\"533\" height=\"533\" src=\"https:\/\/www.dendrocopos.com\/wp-content\/uploads\/2013\/07\/25A3070.jpg\" class=\"attachment-large size-large\" alt=\"Reynisdrangur de V\u00edk\" aria-describedby=\"gallery-1-2550\" srcset=\"https:\/\/www.dendrocopos.com\/wp-content\/uploads\/2013\/07\/25A3070.jpg 800w, https:\/\/www.dendrocopos.com\/wp-content\/uploads\/2013\/07\/25A3070-150x150.jpg 150w, https:\/\/www.dendrocopos.com\/wp-content\/uploads\/2013\/07\/25A3070-200x200.jpg 200w, https:\/\/www.dendrocopos.com\/wp-content\/uploads\/2013\/07\/25A3070-56x56.jpg 56w, https:\/\/www.dendrocopos.com\/wp-content\/uploads\/2013\/07\/25A3070-480x480.jpg 480w\" sizes=\"auto, (max-width: 533px) 100vw, 533px\" \/><\/a>\n\t\t\t<\/div>\n\t\t\t\t<figcaption class='wp-caption-text gallery-caption' id='gallery-1-2550'>\n\t\t\t\tReynisdrangar, Vik\n\t\t\t\t<\/figcaption><\/figure><figure class='gallery-item'>\n\t\t\t<div class='gallery-icon landscape'>\n\t\t\t\t<a href='https:\/\/dendrocopos.com\/?attachment_id=2565'><img loading=\"lazy\" decoding=\"async\" width=\"800\" height=\"533\" src=\"https:\/\/www.dendrocopos.com\/wp-content\/uploads\/2017\/03\/renos.jpg\" class=\"attachment-large size-large\" alt=\"\" aria-describedby=\"gallery-1-2565\" srcset=\"https:\/\/www.dendrocopos.com\/wp-content\/uploads\/2017\/03\/renos.jpg 800w, https:\/\/www.dendrocopos.com\/wp-content\/uploads\/2017\/03\/renos-200x133.jpg 200w, https:\/\/www.dendrocopos.com\/wp-content\/uploads\/2017\/03\/renos-480x319.jpg 480w\" sizes=\"auto, (max-width: 800px) 100vw, 800px\" \/><\/a>\n\t\t\t<\/div>\n\t\t\t\t<figcaption class='wp-caption-text gallery-caption' id='gallery-1-2565'>\n\t\t\t\tRenos \n\t\t\t\t<\/figcaption><\/figure><figure class='gallery-item'>\n\t\t\t<div class='gallery-icon landscape'>\n\t\t\t\t<a href='https:\/\/dendrocopos.com\/?attachment_id=2564'><img loading=\"lazy\" decoding=\"async\" width=\"800\" height=\"533\" src=\"https:\/\/www.dendrocopos.com\/wp-content\/uploads\/2017\/03\/Playa-en-Jorkursalon.jpg\" class=\"attachment-large size-large\" alt=\"\" aria-describedby=\"gallery-1-2564\" srcset=\"https:\/\/www.dendrocopos.com\/wp-content\/uploads\/2017\/03\/Playa-en-Jorkursalon.jpg 800w, https:\/\/www.dendrocopos.com\/wp-content\/uploads\/2017\/03\/Playa-en-Jorkursalon-200x133.jpg 200w, https:\/\/www.dendrocopos.com\/wp-content\/uploads\/2017\/03\/Playa-en-Jorkursalon-480x319.jpg 480w\" sizes=\"auto, (max-width: 800px) 100vw, 800px\" \/><\/a>\n\t\t\t<\/div>\n\t\t\t\t<figcaption class='wp-caption-text gallery-caption' id='gallery-1-2564'>\n\t\t\t\tJ\u00f6kuls\u00e1rl\u00f3n\n\t\t\t\t<\/figcaption><\/figure><figure class='gallery-item'>\n\t\t\t<div class='gallery-icon landscape'>\n\t\t\t\t<a href='https:\/\/dendrocopos.com\/?attachment_id=2566'><img loading=\"lazy\" decoding=\"async\" width=\"800\" height=\"533\" src=\"https:\/\/www.dendrocopos.com\/wp-content\/uploads\/2017\/03\/reydrangar.jpg\" class=\"attachment-large size-large\" alt=\"\" aria-describedby=\"gallery-1-2566\" srcset=\"https:\/\/www.dendrocopos.com\/wp-content\/uploads\/2017\/03\/reydrangar.jpg 800w, https:\/\/www.dendrocopos.com\/wp-content\/uploads\/2017\/03\/reydrangar-200x133.jpg 200w, https:\/\/www.dendrocopos.com\/wp-content\/uploads\/2017\/03\/reydrangar-480x319.jpg 480w\" sizes=\"auto, (max-width: 800px) 100vw, 800px\" \/><\/a>\n\t\t\t<\/div>\n\t\t\t\t<figcaption class='wp-caption-text gallery-caption' id='gallery-1-2566'>\n\t\t\t\tReynisdrangar, Vik\n\t\t\t\t<\/figcaption><\/figure><figure class='gallery-item'>\n\t\t\t<div class='gallery-icon landscape'>\n\t\t\t\t<a href='https:\/\/dendrocopos.com\/?attachment_id=2560'><img loading=\"lazy\" decoding=\"async\" width=\"800\" height=\"533\" src=\"https:\/\/www.dendrocopos.com\/wp-content\/uploads\/2017\/03\/coldday.jpg\" class=\"attachment-large size-large\" alt=\"\" aria-describedby=\"gallery-1-2560\" srcset=\"https:\/\/www.dendrocopos.com\/wp-content\/uploads\/2017\/03\/coldday.jpg 800w, https:\/\/www.dendrocopos.com\/wp-content\/uploads\/2017\/03\/coldday-200x133.jpg 200w, https:\/\/www.dendrocopos.com\/wp-content\/uploads\/2017\/03\/coldday-480x319.jpg 480w\" sizes=\"auto, (max-width: 800px) 100vw, 800px\" \/><\/a>\n\t\t\t<\/div>\n\t\t\t\t<figcaption class='wp-caption-text gallery-caption' id='gallery-1-2560'>\n\t\t\t\tGlacier\n\t\t\t\t<\/figcaption><\/figure><figure class='gallery-item'>\n\t\t\t<div class='gallery-icon landscape'>\n\t\t\t\t<a href='https:\/\/dendrocopos.com\/?attachment_id=2764'><img loading=\"lazy\" decoding=\"async\" width=\"800\" height=\"450\" src=\"https:\/\/www.dendrocopos.com\/wp-content\/uploads\/2021\/03\/LandscapesWaterscapesFlora_Snowstorm-800x450.jpg\" class=\"attachment-large size-large\" alt=\"\" aria-describedby=\"gallery-1-2764\" srcset=\"https:\/\/www.dendrocopos.com\/wp-content\/uploads\/2021\/03\/LandscapesWaterscapesFlora_Snowstorm-800x450.jpg 800w, https:\/\/www.dendrocopos.com\/wp-content\/uploads\/2021\/03\/LandscapesWaterscapesFlora_Snowstorm-200x113.jpg 200w, https:\/\/www.dendrocopos.com\/wp-content\/uploads\/2021\/03\/LandscapesWaterscapesFlora_Snowstorm-150x84.jpg 150w, https:\/\/www.dendrocopos.com\/wp-content\/uploads\/2021\/03\/LandscapesWaterscapesFlora_Snowstorm-768x432.jpg 768w, https:\/\/www.dendrocopos.com\/wp-content\/uploads\/2021\/03\/LandscapesWaterscapesFlora_Snowstorm.jpg 1280w\" sizes=\"auto, (max-width: 800px) 100vw, 800px\" \/><\/a>\n\t\t\t<\/div>\n\t\t\t\t<figcaption class='wp-caption-text gallery-caption' id='gallery-1-2764'>\n\t\t\t\tJ\u00f6kuls\u00e1rl\u00f3n\n\t\t\t\t<\/figcaption><\/figure><figure class='gallery-item'>\n\t\t\t<div class='gallery-icon landscape'>\n\t\t\t\t<a href='https:\/\/dendrocopos.com\/?attachment_id=2562'><img loading=\"lazy\" decoding=\"async\" width=\"800\" height=\"533\" src=\"https:\/\/www.dendrocopos.com\/wp-content\/uploads\/2017\/03\/halcongerifalte.jpg\" class=\"attachment-large size-large\" alt=\"\" aria-describedby=\"gallery-1-2562\" srcset=\"https:\/\/www.dendrocopos.com\/wp-content\/uploads\/2017\/03\/halcongerifalte.jpg 800w, https:\/\/www.dendrocopos.com\/wp-content\/uploads\/2017\/03\/halcongerifalte-200x133.jpg 200w, https:\/\/www.dendrocopos.com\/wp-content\/uploads\/2017\/03\/halcongerifalte-480x319.jpg 480w\" sizes=\"auto, (max-width: 800px) 100vw, 800px\" \/><\/a>\n\t\t\t<\/div>\n\t\t\t\t<figcaption class='wp-caption-text gallery-caption' id='gallery-1-2562'>\n\t\t\t\tGyrfalcon\n\t\t\t\t<\/figcaption><\/figure><figure class='gallery-item'>\n\t\t\t<div class='gallery-icon landscape'>\n\t\t\t\t<a href='https:\/\/dendrocopos.com\/?attachment_id=2563'><img loading=\"lazy\" decoding=\"async\" width=\"800\" height=\"533\" src=\"https:\/\/www.dendrocopos.com\/wp-content\/uploads\/2017\/03\/J\u00f6kuls\u00e1rl\u00f3n.jpg\" class=\"attachment-large size-large\" alt=\"\" aria-describedby=\"gallery-1-2563\" srcset=\"https:\/\/www.dendrocopos.com\/wp-content\/uploads\/2017\/03\/J\u00f6kuls\u00e1rl\u00f3n.jpg 800w, https:\/\/www.dendrocopos.com\/wp-content\/uploads\/2017\/03\/J\u00f6kuls\u00e1rl\u00f3n-200x133.jpg 200w, https:\/\/www.dendrocopos.com\/wp-content\/uploads\/2017\/03\/J\u00f6kuls\u00e1rl\u00f3n-480x319.jpg 480w\" sizes=\"auto, (max-width: 800px) 100vw, 800px\" \/><\/a>\n\t\t\t<\/div>\n\t\t\t\t<figcaption class='wp-caption-text gallery-caption' id='gallery-1-2563'>\n\t\t\t\tJ\u00f6kuls\u00e1rl\u00f3n\n\t\t\t\t<\/figcaption><\/figure>\n\t\t<\/div>\n\n","protected":false},"excerpt":{"rendered":"","protected":false},"author":1,"featured_media":0,"parent":500,"menu_order":0,"comment_status":"closed","ping_status":"closed","template":"page-templates\/photograph-template.php","meta":{"footnotes":""},"class_list":["post-2971","page","type-page","status-publish","hentry"],"jetpack_sharing_enabled":true,"_links":{"self":[{"href":"https:\/\/dendrocopos.com\/index.php?rest_route=\/wp\/v2\/pages\/2971","targetHints":{"allow":["GET"]}}],"collection":[{"href":"https:\/\/dendrocopos.com\/index.php?rest_route=\/wp\/v2\/pages"}],"about":[{"href":"https:\/\/dendrocopos.com\/index.php?rest_route=\/wp\/v2\/types\/page"}],"author":[{"embeddable":true,"href":"https:\/\/dendrocopos.com\/index.php?rest_route=\/wp\/v2\/users\/1"}],"replies":[{"embeddable":true,"href":"https:\/\/dendrocopos.com\/index.php?rest_route=%2Fwp%2Fv2%2Fcomments&post=2971"}],"version-history":[{"count":4,"href":"https:\/\/dendrocopos.com\/index.php?rest_route=\/wp\/v2\/pages\/2971\/revisions"}],"predecessor-version":[{"id":3095,"href":"https:\/\/dendrocopos.com\/index.php?rest_route=\/wp\/v2\/pages\/2971\/revisions\/3095"}],"up":[{"embeddable":true,"href":"https:\/\/dendrocopos.com\/index.php?rest_route=\/wp\/v2\/pages\/500"}],"wp:attachment":[{"href":"https:\/\/dendrocopos.com\/index.php?rest_route=%2Fwp%2Fv2%2Fmedia&parent=2971"}],"curies":[{"name":"wp","href":"https:\/\/api.w.org\/{rel}","templated":true}]}}