{"id":2922,"date":"2021-03-06T19:54:26","date_gmt":"2021-03-06T17:54:26","guid":{"rendered":"https:\/\/dendrocopos.com\/?page_id=2922"},"modified":"2021-03-13T13:51:38","modified_gmt":"2021-03-13T11:51:38","slug":"landcapes","status":"publish","type":"page","link":"https:\/\/dendrocopos.com\/?page_id=2922","title":{"rendered":"Landcapes"},"content":{"rendered":"<div id='gallery-1' class='gallery galleryid-2922 gallery-columns-3 gallery-size-large'><figure class='gallery-item'>\n\t\t\t<div class='gallery-icon landscape'>\n\t\t\t\t<a href='https:\/\/dendrocopos.com\/?attachment_id=2550'><img loading=\"lazy\" decoding=\"async\" width=\"533\" height=\"533\" src=\"https:\/\/www.dendrocopos.com\/wp-content\/uploads\/2013\/07\/25A3070.jpg\" class=\"attachment-large size-large\" alt=\"Reynisdrangur de V\u00edk\" aria-describedby=\"gallery-1-2550\" srcset=\"https:\/\/www.dendrocopos.com\/wp-content\/uploads\/2013\/07\/25A3070.jpg 800w, https:\/\/www.dendrocopos.com\/wp-content\/uploads\/2013\/07\/25A3070-150x150.jpg 150w, https:\/\/www.dendrocopos.com\/wp-content\/uploads\/2013\/07\/25A3070-200x200.jpg 200w, https:\/\/www.dendrocopos.com\/wp-content\/uploads\/2013\/07\/25A3070-56x56.jpg 56w, https:\/\/www.dendrocopos.com\/wp-content\/uploads\/2013\/07\/25A3070-480x480.jpg 480w\" sizes=\"auto, (max-width: 533px) 100vw, 533px\" \/><\/a>\n\t\t\t<\/div>\n\t\t\t\t<figcaption class='wp-caption-text gallery-caption' id='gallery-1-2550'>\n\t\t\t\tReynisdrangar, Vik\n\t\t\t\t<\/figcaption><\/figure><figure class='gallery-item'>\n\t\t\t<div class='gallery-icon portrait'>\n\t\t\t\t<a href='https:\/\/dendrocopos.com\/?attachment_id=3104'><img loading=\"lazy\" decoding=\"async\" width=\"400\" height=\"533\" src=\"https:\/\/www.dendrocopos.com\/wp-content\/uploads\/2021\/03\/riisitunturi12INS-400x533.jpg\" class=\"attachment-large size-large\" alt=\"\" aria-describedby=\"gallery-1-3104\" srcset=\"https:\/\/www.dendrocopos.com\/wp-content\/uploads\/2021\/03\/riisitunturi12INS-400x533.jpg 400w, https:\/\/www.dendrocopos.com\/wp-content\/uploads\/2021\/03\/riisitunturi12INS-150x200.jpg 150w, https:\/\/www.dendrocopos.com\/wp-content\/uploads\/2021\/03\/riisitunturi12INS-113x150.jpg 113w, https:\/\/www.dendrocopos.com\/wp-content\/uploads\/2021\/03\/riisitunturi12INS.jpg 640w\" sizes=\"auto, (max-width: 400px) 100vw, 400px\" \/><\/a>\n\t\t\t<\/div>\n\t\t\t\t<figcaption class='wp-caption-text gallery-caption' id='gallery-1-3104'>\n\t\t\t\tNorthern lights\n\t\t\t\t<\/figcaption><\/figure><figure class='gallery-item'>\n\t\t\t<div class='gallery-icon landscape'>\n\t\t\t\t<a href='https:\/\/dendrocopos.com\/?attachment_id=3145'><img loading=\"lazy\" decoding=\"async\" width=\"533\" height=\"533\" src=\"https:\/\/www.dendrocopos.com\/wp-content\/uploads\/2021\/03\/vialactea23-533x533.jpg\" class=\"attachment-large size-large\" alt=\"\" aria-describedby=\"gallery-1-3145\" srcset=\"https:\/\/www.dendrocopos.com\/wp-content\/uploads\/2021\/03\/vialactea23-533x533.jpg 533w, https:\/\/www.dendrocopos.com\/wp-content\/uploads\/2021\/03\/vialactea23-200x200.jpg 200w, https:\/\/www.dendrocopos.com\/wp-content\/uploads\/2021\/03\/vialactea23-150x150.jpg 150w, https:\/\/www.dendrocopos.com\/wp-content\/uploads\/2021\/03\/vialactea23-768x768.jpg 768w, https:\/\/www.dendrocopos.com\/wp-content\/uploads\/2021\/03\/vialactea23-75x75.jpg 75w, https:\/\/www.dendrocopos.com\/wp-content\/uploads\/2021\/03\/vialactea23.jpg 1080w\" sizes=\"auto, (max-width: 533px) 100vw, 533px\" \/><\/a>\n\t\t\t<\/div>\n\t\t\t\t<figcaption class='wp-caption-text gallery-caption' id='gallery-1-3145'>\n\t\t\t\tMilky way\n\t\t\t\t<\/figcaption><\/figure><figure class='gallery-item'>\n\t\t\t<div class='gallery-icon landscape'>\n\t\t\t\t<a href='https:\/\/dendrocopos.com\/?attachment_id=2566'><img loading=\"lazy\" decoding=\"async\" width=\"800\" height=\"533\" src=\"https:\/\/www.dendrocopos.com\/wp-content\/uploads\/2017\/03\/reydrangar.jpg\" class=\"attachment-large size-large\" alt=\"\" aria-describedby=\"gallery-1-2566\" srcset=\"https:\/\/www.dendrocopos.com\/wp-content\/uploads\/2017\/03\/reydrangar.jpg 800w, https:\/\/www.dendrocopos.com\/wp-content\/uploads\/2017\/03\/reydrangar-200x133.jpg 200w, https:\/\/www.dendrocopos.com\/wp-content\/uploads\/2017\/03\/reydrangar-480x319.jpg 480w\" sizes=\"auto, (max-width: 800px) 100vw, 800px\" \/><\/a>\n\t\t\t<\/div>\n\t\t\t\t<figcaption class='wp-caption-text gallery-caption' id='gallery-1-2566'>\n\t\t\t\tReynisdrangar, Vik\n\t\t\t\t<\/figcaption><\/figure><figure class='gallery-item'>\n\t\t\t<div class='gallery-icon landscape'>\n\t\t\t\t<a href='https:\/\/dendrocopos.com\/?attachment_id=2635'><img loading=\"lazy\" decoding=\"async\" width=\"800\" height=\"533\" src=\"https:\/\/www.dendrocopos.com\/wp-content\/uploads\/2013\/07\/northernlights1-960x640.jpg\" class=\"attachment-large size-large\" alt=\"\" aria-describedby=\"gallery-1-2635\" srcset=\"https:\/\/www.dendrocopos.com\/wp-content\/uploads\/2013\/07\/northernlights1-960x640.jpg 960w, https:\/\/www.dendrocopos.com\/wp-content\/uploads\/2013\/07\/northernlights1-150x100.jpg 150w, https:\/\/www.dendrocopos.com\/wp-content\/uploads\/2013\/07\/northernlights1-200x133.jpg 200w, https:\/\/www.dendrocopos.com\/wp-content\/uploads\/2013\/07\/northernlights1-1024x682.jpg 1024w, https:\/\/www.dendrocopos.com\/wp-content\/uploads\/2013\/07\/northernlights1-480x320.jpg 480w, https:\/\/www.dendrocopos.com\/wp-content\/uploads\/2013\/07\/northernlights1.jpg 1080w\" sizes=\"auto, (max-width: 800px) 100vw, 800px\" \/><\/a>\n\t\t\t<\/div>\n\t\t\t\t<figcaption class='wp-caption-text gallery-caption' id='gallery-1-2635'>\n\t\t\t\tNorthern lights\n\t\t\t\t<\/figcaption><\/figure><figure class='gallery-item'>\n\t\t\t<div class='gallery-icon landscape'>\n\t\t\t\t<a href='https:\/\/dendrocopos.com\/?attachment_id=2560'><img loading=\"lazy\" decoding=\"async\" width=\"800\" height=\"533\" src=\"https:\/\/www.dendrocopos.com\/wp-content\/uploads\/2017\/03\/coldday.jpg\" class=\"attachment-large size-large\" alt=\"\" aria-describedby=\"gallery-1-2560\" srcset=\"https:\/\/www.dendrocopos.com\/wp-content\/uploads\/2017\/03\/coldday.jpg 800w, https:\/\/www.dendrocopos.com\/wp-content\/uploads\/2017\/03\/coldday-200x133.jpg 200w, https:\/\/www.dendrocopos.com\/wp-content\/uploads\/2017\/03\/coldday-480x319.jpg 480w\" sizes=\"auto, (max-width: 800px) 100vw, 800px\" \/><\/a>\n\t\t\t<\/div>\n\t\t\t\t<figcaption class='wp-caption-text gallery-caption' id='gallery-1-2560'>\n\t\t\t\tGlacier\n\t\t\t\t<\/figcaption><\/figure><figure class='gallery-item'>\n\t\t\t<div class='gallery-icon landscape'>\n\t\t\t\t<a href='https:\/\/dendrocopos.com\/?attachment_id=1137'><img loading=\"lazy\" decoding=\"async\" width=\"800\" height=\"533\" src=\"https:\/\/www.dendrocopos.com\/wp-content\/uploads\/2013\/07\/niebla_andalucia.jpg\" class=\"attachment-large size-large\" alt=\"\" aria-describedby=\"gallery-1-1137\" srcset=\"https:\/\/www.dendrocopos.com\/wp-content\/uploads\/2013\/07\/niebla_andalucia.jpg 853w, https:\/\/www.dendrocopos.com\/wp-content\/uploads\/2013\/07\/niebla_andalucia-200x133.jpg 200w, https:\/\/www.dendrocopos.com\/wp-content\/uploads\/2013\/07\/niebla_andalucia-400x266.jpg 400w, https:\/\/www.dendrocopos.com\/wp-content\/uploads\/2013\/07\/niebla_andalucia-480x320.jpg 480w\" sizes=\"auto, (max-width: 800px) 100vw, 800px\" \/><\/a>\n\t\t\t<\/div>\n\t\t\t\t<figcaption class='wp-caption-text gallery-caption' id='gallery-1-1137'>\n\t\t\t\tUbrique\n\t\t\t\t<\/figcaption><\/figure><figure class='gallery-item'>\n\t\t\t<div class='gallery-icon landscape'>\n\t\t\t\t<a href='https:\/\/dendrocopos.com\/?attachment_id=1913'><img loading=\"lazy\" decoding=\"async\" width=\"800\" height=\"533\" src=\"https:\/\/www.dendrocopos.com\/wp-content\/uploads\/2013\/09\/39_hayedo-960x640.jpg\" class=\"attachment-large size-large\" alt=\"El bosque m\u00e1gico\" aria-describedby=\"gallery-1-1913\" srcset=\"https:\/\/www.dendrocopos.com\/wp-content\/uploads\/2013\/09\/39_hayedo-960x640.jpg 960w, https:\/\/www.dendrocopos.com\/wp-content\/uploads\/2013\/09\/39_hayedo-250x166.jpg 250w, https:\/\/www.dendrocopos.com\/wp-content\/uploads\/2013\/09\/39_hayedo-1024x682.jpg 1024w, https:\/\/www.dendrocopos.com\/wp-content\/uploads\/2013\/09\/39_hayedo-480x320.jpg 480w, https:\/\/www.dendrocopos.com\/wp-content\/uploads\/2013\/09\/39_hayedo.jpg 1920w\" sizes=\"auto, (max-width: 800px) 100vw, 800px\" \/><\/a>\n\t\t\t<\/div>\n\t\t\t\t<figcaption class='wp-caption-text gallery-caption' id='gallery-1-1913'>\n\t\t\t\tWoodland magic\n\t\t\t\t<\/figcaption><\/figure><figure class='gallery-item'>\n\t\t\t<div class='gallery-icon landscape'>\n\t\t\t\t<a href='https:\/\/dendrocopos.com\/?attachment_id=2273'><img loading=\"lazy\" decoding=\"async\" width=\"800\" height=\"533\" src=\"https:\/\/www.dendrocopos.com\/wp-content\/uploads\/2013\/07\/Oldgalloakweb.jpg\" class=\"attachment-large size-large\" alt=\"Old gall oak\" aria-describedby=\"gallery-1-2273\" srcset=\"https:\/\/www.dendrocopos.com\/wp-content\/uploads\/2013\/07\/Oldgalloakweb.jpg 900w, https:\/\/www.dendrocopos.com\/wp-content\/uploads\/2013\/07\/Oldgalloakweb-200x133.jpg 200w, https:\/\/www.dendrocopos.com\/wp-content\/uploads\/2013\/07\/Oldgalloakweb-480x320.jpg 480w\" sizes=\"auto, (max-width: 800px) 100vw, 800px\" \/><\/a>\n\t\t\t<\/div>\n\t\t\t\t<figcaption class='wp-caption-text gallery-caption' id='gallery-1-2273'>\n\t\t\t\tOld gall oak\n\t\t\t\t<\/figcaption><\/figure><figure class='gallery-item'>\n\t\t\t<div class='gallery-icon landscape'>\n\t\t\t\t<a href='https:\/\/dendrocopos.com\/?attachment_id=1977'><img loading=\"lazy\" decoding=\"async\" width=\"800\" height=\"533\" src=\"https:\/\/www.dendrocopos.com\/wp-content\/uploads\/2013\/07\/45_fondo-960x640.jpg\" class=\"attachment-large size-large\" alt=\"\" aria-describedby=\"gallery-1-1977\" srcset=\"https:\/\/www.dendrocopos.com\/wp-content\/uploads\/2013\/07\/45_fondo-960x640.jpg 960w, https:\/\/www.dendrocopos.com\/wp-content\/uploads\/2013\/07\/45_fondo-150x100.jpg 150w, https:\/\/www.dendrocopos.com\/wp-content\/uploads\/2013\/07\/45_fondo-250x166.jpg 250w, https:\/\/www.dendrocopos.com\/wp-content\/uploads\/2013\/07\/45_fondo-1024x682.jpg 1024w, https:\/\/www.dendrocopos.com\/wp-content\/uploads\/2013\/07\/45_fondo-480x320.jpg 480w, https:\/\/www.dendrocopos.com\/wp-content\/uploads\/2013\/07\/45_fondo.jpg 1920w\" sizes=\"auto, (max-width: 800px) 100vw, 800px\" \/><\/a>\n\t\t\t<\/div>\n\t\t\t\t<figcaption class='wp-caption-text gallery-caption' id='gallery-1-1977'>\n\t\t\t\tCork tree\n\t\t\t\t<\/figcaption><\/figure><figure class='gallery-item'>\n\t\t\t<div class='gallery-icon landscape'>\n\t\t\t\t<a href='https:\/\/dendrocopos.com\/?attachment_id=3107'><img loading=\"lazy\" decoding=\"async\" width=\"711\" height=\"533\" src=\"https:\/\/www.dendrocopos.com\/wp-content\/uploads\/2021\/03\/nocheubrique-711x533.jpg\" class=\"attachment-large size-large\" alt=\"\" aria-describedby=\"gallery-1-3107\" srcset=\"https:\/\/www.dendrocopos.com\/wp-content\/uploads\/2021\/03\/nocheubrique-711x533.jpg 711w, https:\/\/www.dendrocopos.com\/wp-content\/uploads\/2021\/03\/nocheubrique-200x150.jpg 200w, https:\/\/www.dendrocopos.com\/wp-content\/uploads\/2021\/03\/nocheubrique-150x113.jpg 150w, https:\/\/www.dendrocopos.com\/wp-content\/uploads\/2021\/03\/nocheubrique-768x576.jpg 768w, https:\/\/www.dendrocopos.com\/wp-content\/uploads\/2021\/03\/nocheubrique.jpg 1080w\" sizes=\"auto, (max-width: 711px) 100vw, 711px\" \/><\/a>\n\t\t\t<\/div>\n\t\t\t\t<figcaption class='wp-caption-text gallery-caption' id='gallery-1-3107'>\n\t\t\t\tMoon\n\t\t\t\t<\/figcaption><\/figure><figure class='gallery-item'>\n\t\t\t<div class='gallery-icon landscape'>\n\t\t\t\t<a href='https:\/\/dendrocopos.com\/?attachment_id=2657'><img loading=\"lazy\" decoding=\"async\" width=\"600\" height=\"407\" src=\"https:\/\/www.dendrocopos.com\/wp-content\/uploads\/2013\/07\/snowstorm-600x407.jpg\" class=\"attachment-large size-large\" alt=\"\" aria-describedby=\"gallery-1-2657\" srcset=\"https:\/\/www.dendrocopos.com\/wp-content\/uploads\/2013\/07\/snowstorm.jpg 600w, https:\/\/www.dendrocopos.com\/wp-content\/uploads\/2013\/07\/snowstorm-150x102.jpg 150w, https:\/\/www.dendrocopos.com\/wp-content\/uploads\/2013\/07\/snowstorm-200x136.jpg 200w, https:\/\/www.dendrocopos.com\/wp-content\/uploads\/2013\/07\/snowstorm-480x326.jpg 480w\" sizes=\"auto, (max-width: 600px) 100vw, 600px\" \/><\/a>\n\t\t\t<\/div>\n\t\t\t\t<figcaption class='wp-caption-text gallery-caption' id='gallery-1-2657'>\n\t\t\t\tSnowstorm\n\t\t\t\t<\/figcaption><\/figure><figure class='gallery-item'>\n\t\t\t<div class='gallery-icon landscape'>\n\t\t\t\t<a href='https:\/\/dendrocopos.com\/?attachment_id=2682'><img loading=\"lazy\" decoding=\"async\" width=\"800\" height=\"533\" src=\"https:\/\/www.dendrocopos.com\/wp-content\/uploads\/2013\/07\/lichen5-960x640.jpg\" class=\"attachment-large size-large\" alt=\"Los Alcornocales\" aria-describedby=\"gallery-1-2682\" srcset=\"https:\/\/www.dendrocopos.com\/wp-content\/uploads\/2013\/07\/lichen5-960x640.jpg 960w, https:\/\/www.dendrocopos.com\/wp-content\/uploads\/2013\/07\/lichen5-200x133.jpg 200w, https:\/\/www.dendrocopos.com\/wp-content\/uploads\/2013\/07\/lichen5-1024x682.jpg 1024w, https:\/\/www.dendrocopos.com\/wp-content\/uploads\/2013\/07\/lichen5-480x320.jpg 480w, https:\/\/www.dendrocopos.com\/wp-content\/uploads\/2013\/07\/lichen5.jpg 1080w\" sizes=\"auto, (max-width: 800px) 100vw, 800px\" \/><\/a>\n\t\t\t<\/div>\n\t\t\t\t<figcaption class='wp-caption-text gallery-caption' id='gallery-1-2682'>\n\t\t\t\tLichen\n\t\t\t\t<\/figcaption><\/figure><figure class='gallery-item'>\n\t\t\t<div class='gallery-icon landscape'>\n\t\t\t\t<a href='https:\/\/dendrocopos.com\/?attachment_id=2567'><img loading=\"lazy\" decoding=\"async\" width=\"800\" height=\"533\" src=\"https:\/\/www.dendrocopos.com\/wp-content\/uploads\/2017\/03\/stokness01.jpg\" class=\"attachment-large size-large\" alt=\"\" aria-describedby=\"gallery-1-2567\" srcset=\"https:\/\/www.dendrocopos.com\/wp-content\/uploads\/2017\/03\/stokness01.jpg 800w, https:\/\/www.dendrocopos.com\/wp-content\/uploads\/2017\/03\/stokness01-200x133.jpg 200w, https:\/\/www.dendrocopos.com\/wp-content\/uploads\/2017\/03\/stokness01-480x319.jpg 480w\" sizes=\"auto, (max-width: 800px) 100vw, 800px\" \/><\/a>\n\t\t\t<\/div>\n\t\t\t\t<figcaption class='wp-caption-text gallery-caption' id='gallery-1-2567'>\n\t\t\t\tStokness\n\t\t\t\t<\/figcaption><\/figure><figure class='gallery-item'>\n\t\t\t<div class='gallery-icon landscape'>\n\t\t\t\t<a href='https:\/\/dendrocopos.com\/?attachment_id=3108'><img loading=\"lazy\" decoding=\"async\" width=\"800\" height=\"533\" src=\"https:\/\/www.dendrocopos.com\/wp-content\/uploads\/2021\/03\/highkey01-800x533.jpg\" class=\"attachment-large size-large\" alt=\"\" aria-describedby=\"gallery-1-3108\" srcset=\"https:\/\/www.dendrocopos.com\/wp-content\/uploads\/2021\/03\/highkey01-800x533.jpg 800w, https:\/\/www.dendrocopos.com\/wp-content\/uploads\/2021\/03\/highkey01-200x133.jpg 200w, https:\/\/www.dendrocopos.com\/wp-content\/uploads\/2021\/03\/highkey01-150x100.jpg 150w, https:\/\/www.dendrocopos.com\/wp-content\/uploads\/2021\/03\/highkey01-768x512.jpg 768w, https:\/\/www.dendrocopos.com\/wp-content\/uploads\/2021\/03\/highkey01.jpg 1090w\" sizes=\"auto, (max-width: 800px) 100vw, 800px\" \/><\/a>\n\t\t\t<\/div>\n\t\t\t\t<figcaption class='wp-caption-text gallery-caption' id='gallery-1-3108'>\n\t\t\t\tAndorra\n\t\t\t\t<\/figcaption><\/figure><figure class='gallery-item'>\n\t\t\t<div class='gallery-icon landscape'>\n\t\t\t\t<a href='https:\/\/dendrocopos.com\/?attachment_id=2563'><img loading=\"lazy\" decoding=\"async\" width=\"800\" height=\"533\" src=\"https:\/\/www.dendrocopos.com\/wp-content\/uploads\/2017\/03\/J\u00f6kuls\u00e1rl\u00f3n.jpg\" class=\"attachment-large size-large\" alt=\"\" aria-describedby=\"gallery-1-2563\" srcset=\"https:\/\/www.dendrocopos.com\/wp-content\/uploads\/2017\/03\/J\u00f6kuls\u00e1rl\u00f3n.jpg 800w, https:\/\/www.dendrocopos.com\/wp-content\/uploads\/2017\/03\/J\u00f6kuls\u00e1rl\u00f3n-200x133.jpg 200w, https:\/\/www.dendrocopos.com\/wp-content\/uploads\/2017\/03\/J\u00f6kuls\u00e1rl\u00f3n-480x319.jpg 480w\" sizes=\"auto, (max-width: 800px) 100vw, 800px\" \/><\/a>\n\t\t\t<\/div>\n\t\t\t\t<figcaption class='wp-caption-text gallery-caption' id='gallery-1-2563'>\n\t\t\t\tJ\u00f6kuls\u00e1rl\u00f3n\n\t\t\t\t<\/figcaption><\/figure><figure class='gallery-item'>\n\t\t\t<div class='gallery-icon landscape'>\n\t\t\t\t<a href='https:\/\/dendrocopos.com\/?attachment_id=2637'><img loading=\"lazy\" decoding=\"async\" width=\"600\" height=\"400\" src=\"https:\/\/www.dendrocopos.com\/wp-content\/uploads\/2013\/07\/25A4758-e1528281616995.jpg\" class=\"attachment-large size-large\" alt=\"Playa helada\" aria-describedby=\"gallery-1-2637\" \/><\/a>\n\t\t\t<\/div>\n\t\t\t\t<figcaption class='wp-caption-text gallery-caption' id='gallery-1-2637'>\n\t\t\t\tPlaya helada\n\t\t\t\t<\/figcaption><\/figure><figure class='gallery-item'>\n\t\t\t<div class='gallery-icon landscape'>\n\t\t\t\t<a href='https:\/\/dendrocopos.com\/?attachment_id=3144'><img loading=\"lazy\" decoding=\"async\" width=\"800\" height=\"533\" src=\"https:\/\/www.dendrocopos.com\/wp-content\/uploads\/2021\/03\/vialacteaestrellafugaz33-800x533.jpg\" class=\"attachment-large size-large\" alt=\"\" aria-describedby=\"gallery-1-3144\" srcset=\"https:\/\/www.dendrocopos.com\/wp-content\/uploads\/2021\/03\/vialacteaestrellafugaz33-800x533.jpg 800w, https:\/\/www.dendrocopos.com\/wp-content\/uploads\/2021\/03\/vialacteaestrellafugaz33-200x133.jpg 200w, https:\/\/www.dendrocopos.com\/wp-content\/uploads\/2021\/03\/vialacteaestrellafugaz33-150x100.jpg 150w, https:\/\/www.dendrocopos.com\/wp-content\/uploads\/2021\/03\/vialacteaestrellafugaz33-768x512.jpg 768w, https:\/\/www.dendrocopos.com\/wp-content\/uploads\/2021\/03\/vialacteaestrellafugaz33.jpg 1080w\" sizes=\"auto, (max-width: 800px) 100vw, 800px\" \/><\/a>\n\t\t\t<\/div>\n\t\t\t\t<figcaption class='wp-caption-text gallery-caption' id='gallery-1-3144'>\n\t\t\t\tMilky way\n\t\t\t\t<\/figcaption><\/figure><figure class='gallery-item'>\n\t\t\t<div class='gallery-icon landscape'>\n\t\t\t\t<a href='https:\/\/dendrocopos.com\/?attachment_id=2405'><img loading=\"lazy\" decoding=\"async\" width=\"800\" height=\"533\" src=\"https:\/\/www.dendrocopos.com\/wp-content\/uploads\/2016\/01\/coloresdeoto\u00f1o.jpg\" class=\"attachment-large size-large\" alt=\"\" aria-describedby=\"gallery-1-2405\" srcset=\"https:\/\/www.dendrocopos.com\/wp-content\/uploads\/2016\/01\/coloresdeoto\u00f1o.jpg 800w, https:\/\/www.dendrocopos.com\/wp-content\/uploads\/2016\/01\/coloresdeoto\u00f1o-200x133.jpg 200w, https:\/\/www.dendrocopos.com\/wp-content\/uploads\/2016\/01\/coloresdeoto\u00f1o-480x319.jpg 480w\" sizes=\"auto, (max-width: 800px) 100vw, 800px\" \/><\/a>\n\t\t\t<\/div>\n\t\t\t\t<figcaption class='wp-caption-text gallery-caption' id='gallery-1-2405'>\n\t\t\t\tOto\u00f1o\n\t\t\t\t<\/figcaption><\/figure><figure class='gallery-item'>\n\t\t\t<div class='gallery-icon landscape'>\n\t\t\t\t<a href='https:\/\/dendrocopos.com\/?attachment_id=3141'><img loading=\"lazy\" decoding=\"async\" width=\"800\" height=\"533\" src=\"https:\/\/www.dendrocopos.com\/wp-content\/uploads\/2021\/03\/alcornocales23-800x533.jpg\" class=\"attachment-large size-large\" alt=\"\" aria-describedby=\"gallery-1-3141\" srcset=\"https:\/\/www.dendrocopos.com\/wp-content\/uploads\/2021\/03\/alcornocales23-800x533.jpg 800w, https:\/\/www.dendrocopos.com\/wp-content\/uploads\/2021\/03\/alcornocales23-200x133.jpg 200w, https:\/\/www.dendrocopos.com\/wp-content\/uploads\/2021\/03\/alcornocales23-150x100.jpg 150w, https:\/\/www.dendrocopos.com\/wp-content\/uploads\/2021\/03\/alcornocales23-768x512.jpg 768w, https:\/\/www.dendrocopos.com\/wp-content\/uploads\/2021\/03\/alcornocales23.jpg 1080w\" sizes=\"auto, (max-width: 800px) 100vw, 800px\" \/><\/a>\n\t\t\t<\/div>\n\t\t\t\t<figcaption class='wp-caption-text gallery-caption' id='gallery-1-3141'>\n\t\t\t\tLos Alcornocales\n\t\t\t\t<\/figcaption><\/figure><figure class='gallery-item'>\n\t\t\t<div class='gallery-icon landscape'>\n\t\t\t\t<a href='https:\/\/dendrocopos.com\/?attachment_id=3137'><img loading=\"lazy\" decoding=\"async\" width=\"800\" height=\"533\" src=\"https:\/\/www.dendrocopos.com\/wp-content\/uploads\/2021\/03\/MDR0071-800x533.jpg\" class=\"attachment-large size-large\" alt=\"\" aria-describedby=\"gallery-1-3137\" srcset=\"https:\/\/www.dendrocopos.com\/wp-content\/uploads\/2021\/03\/MDR0071-800x533.jpg 800w, https:\/\/www.dendrocopos.com\/wp-content\/uploads\/2021\/03\/MDR0071-200x133.jpg 200w, https:\/\/www.dendrocopos.com\/wp-content\/uploads\/2021\/03\/MDR0071-150x100.jpg 150w, https:\/\/www.dendrocopos.com\/wp-content\/uploads\/2021\/03\/MDR0071-768x512.jpg 768w, https:\/\/www.dendrocopos.com\/wp-content\/uploads\/2021\/03\/MDR0071.jpg 1080w\" sizes=\"auto, (max-width: 800px) 100vw, 800px\" \/><\/a>\n\t\t\t<\/div>\n\t\t\t\t<figcaption class='wp-caption-text gallery-caption' id='gallery-1-3137'>\n\t\t\t\tAUTUMN\n\t\t\t\t<\/figcaption><\/figure><figure class='gallery-item'>\n\t\t\t<div class='gallery-icon landscape'>\n\t\t\t\t<a href='https:\/\/dendrocopos.com\/?attachment_id=3136'><img loading=\"lazy\" decoding=\"async\" width=\"800\" height=\"533\" src=\"https:\/\/www.dendrocopos.com\/wp-content\/uploads\/2021\/03\/END8429-800x533.jpg\" class=\"attachment-large size-large\" alt=\"\" aria-describedby=\"gallery-1-3136\" srcset=\"https:\/\/www.dendrocopos.com\/wp-content\/uploads\/2021\/03\/END8429-800x533.jpg 800w, https:\/\/www.dendrocopos.com\/wp-content\/uploads\/2021\/03\/END8429-200x133.jpg 200w, https:\/\/www.dendrocopos.com\/wp-content\/uploads\/2021\/03\/END8429-150x100.jpg 150w, https:\/\/www.dendrocopos.com\/wp-content\/uploads\/2021\/03\/END8429-768x512.jpg 768w, https:\/\/www.dendrocopos.com\/wp-content\/uploads\/2021\/03\/END8429.jpg 1080w\" sizes=\"auto, (max-width: 800px) 100vw, 800px\" \/><\/a>\n\t\t\t<\/div>\n\t\t\t\t<figcaption class='wp-caption-text gallery-caption' id='gallery-1-3136'>\n\t\t\t\tSierra de C\u00e1diz\n\t\t\t\t<\/figcaption><\/figure><figure class='gallery-item'>\n\t\t\t<div class='gallery-icon landscape'>\n\t\t\t\t<a href='https:\/\/dendrocopos.com\/?attachment_id=2648'><img loading=\"lazy\" decoding=\"async\" width=\"500\" height=\"333\" src=\"https:\/\/www.dendrocopos.com\/wp-content\/uploads\/2013\/07\/lastlights.jpg\" class=\"attachment-large size-large\" alt=\"\" aria-describedby=\"gallery-1-2648\" srcset=\"https:\/\/www.dendrocopos.com\/wp-content\/uploads\/2013\/07\/lastlights.jpg 500w, https:\/\/www.dendrocopos.com\/wp-content\/uploads\/2013\/07\/lastlights-150x99.jpg 150w, https:\/\/www.dendrocopos.com\/wp-content\/uploads\/2013\/07\/lastlights-200x133.jpg 200w, https:\/\/www.dendrocopos.com\/wp-content\/uploads\/2013\/07\/lastlights-480x319.jpg 480w\" sizes=\"auto, (max-width: 500px) 100vw, 500px\" \/><\/a>\n\t\t\t<\/div>\n\t\t\t\t<figcaption class='wp-caption-text gallery-caption' id='gallery-1-2648'>\n\t\t\t\tTaiga\n\t\t\t\t<\/figcaption><\/figure><figure class='gallery-item'>\n\t\t\t<div class='gallery-icon landscape'>\n\t\t\t\t<a href='https:\/\/dendrocopos.com\/?attachment_id=3103'><img loading=\"lazy\" decoding=\"async\" width=\"711\" height=\"533\" src=\"https:\/\/www.dendrocopos.com\/wp-content\/uploads\/2021\/03\/riisitunturi20-711x533.jpg\" class=\"attachment-large size-large\" alt=\"\" aria-describedby=\"gallery-1-3103\" srcset=\"https:\/\/www.dendrocopos.com\/wp-content\/uploads\/2021\/03\/riisitunturi20-711x533.jpg 711w, https:\/\/www.dendrocopos.com\/wp-content\/uploads\/2021\/03\/riisitunturi20-200x150.jpg 200w, https:\/\/www.dendrocopos.com\/wp-content\/uploads\/2021\/03\/riisitunturi20-150x113.jpg 150w, https:\/\/www.dendrocopos.com\/wp-content\/uploads\/2021\/03\/riisitunturi20-768x576.jpg 768w, https:\/\/www.dendrocopos.com\/wp-content\/uploads\/2021\/03\/riisitunturi20.jpg 1080w\" sizes=\"auto, (max-width: 711px) 100vw, 711px\" \/><\/a>\n\t\t\t<\/div>\n\t\t\t\t<figcaption class='wp-caption-text gallery-caption' id='gallery-1-3103'>\n\t\t\t\tNorthern lights\n\t\t\t\t<\/figcaption><\/figure>\n\t\t<\/div>\n\n<p>&nbsp;<\/p>\n","protected":false},"excerpt":{"rendered":"<p>&nbsp;<\/p>\n","protected":false},"author":1,"featured_media":0,"parent":138,"menu_order":0,"comment_status":"closed","ping_status":"closed","template":"page-templates\/photograph-template.php","meta":{"footnotes":""},"class_list":["post-2922","page","type-page","status-publish","hentry"],"jetpack_sharing_enabled":true,"_links":{"self":[{"href":"https:\/\/dendrocopos.com\/index.php?rest_route=\/wp\/v2\/pages\/2922","targetHints":{"allow":["GET"]}}],"collection":[{"href":"https:\/\/dendrocopos.com\/index.php?rest_route=\/wp\/v2\/pages"}],"about":[{"href":"https:\/\/dendrocopos.com\/index.php?rest_route=\/wp\/v2\/types\/page"}],"author":[{"embeddable":true,"href":"https:\/\/dendrocopos.com\/index.php?rest_route=\/wp\/v2\/users\/1"}],"replies":[{"embeddable":true,"href":"https:\/\/dendrocopos.com\/index.php?rest_route=%2Fwp%2Fv2%2Fcomments&post=2922"}],"version-history":[{"count":22,"href":"https:\/\/dendrocopos.com\/index.php?rest_route=\/wp\/v2\/pages\/2922\/revisions"}],"predecessor-version":[{"id":3250,"href":"https:\/\/dendrocopos.com\/index.php?rest_route=\/wp\/v2\/pages\/2922\/revisions\/3250"}],"up":[{"embeddable":true,"href":"https:\/\/dendrocopos.com\/index.php?rest_route=\/wp\/v2\/pages\/138"}],"wp:attachment":[{"href":"https:\/\/dendrocopos.com\/index.php?rest_route=%2Fwp%2Fv2%2Fmedia&parent=2922"}],"curies":[{"name":"wp","href":"https:\/\/api.w.org\/{rel}","templated":true}]}}