{"id":2697,"date":"2021-03-05T12:07:10","date_gmt":"2021-03-05T10:07:10","guid":{"rendered":"https:\/\/dendrocopos.com\/?page_id=2697"},"modified":"2021-03-05T12:07:10","modified_gmt":"2021-03-05T10:07:10","slug":"cookies-policy","status":"publish","type":"page","link":"https:\/\/dendrocopos.com\/?page_id=2697","title":{"rendered":"Cookies Policy"},"content":{"rendered":"<h1>USO DE COOKIES<\/h1>\n<p>Las cookies son identificadores alfanum\u00e9ricos que, a trav\u00e9s de tu navegador de internet se transmiten a tu ordenador para que nuestro sistema pueda reconocer tu navegador y as\u00ed ofrecerte mejores prestaciones de navegaci\u00f3n, como productos recomendados o productos almacenados en tu cesta de una visita a otra.<\/p>\n<ol>\n<li>Podemos recabar informaci\u00f3n, con cookies propias y de terceros, sobre tu ordenador, incluido, en su caso, su direcci\u00f3n de IP, sistema operativo y tipo de navegador. Se trata de datos estad\u00edsticos sobre c\u00f3mo navegas por nuestro sitio Web. Las cookies contienen informaci\u00f3n que se transfiere al disco duro de tu ordenador.<\/li>\n<li>Las cookies nos ayudan a mejorar nuestro sitio Web y a prestar un servicio mejor y m\u00e1s personalizado. En concreto, nos permiten:<\/li>\n<ul>\n<li>Hacer una estimaci\u00f3n sobre n\u00fameros y patrones de uso.<\/li>\n<li>Almacenar informaci\u00f3n acerca de tus preferencias y personalizar nuestro sitio web de conformidad con tus intereses individuales.<\/li>\n<li>Acelerar tus b\u00fasquedas.<\/li>\n<li>Reconocerte cuando regreses de nuevo a nuestro sitio.<\/li>\n<\/ul>\n<\/ol>\n<p>Esta p\u00e1gina web utiliza Google Analytics, un servicio anal\u00edtico de web prestado por Google, Inc., una compa\u00f1\u00eda de Delaware cuya oficina principal est\u00e1 en 1600 Amphitheatre Parkway, Mountain View (California), CA 94043, Estados Unidos (&#8216;Google&#8217;). Google Analytics utiliza &#8216;cookies&#8217;, que son archivos de texto ubicados en su ordenador, para ayudar al sitio Web a analizar el uso que hacen los usuarios del sitio Web. La informaci\u00f3n que genera la cookie acerca de su uso del sitio Web (incluyendo su direcci\u00f3n IP) ser\u00e1 directamente transmitida y archivada por Google en los servidores de Estados Unidos. Google usar\u00e1 esta informaci\u00f3n por cuenta nuestra con el prop\u00f3sito de seguir la pista de su uso del sitio Web, recopilando informes de la actividad del sitio Web y prestando otros servicios relacionados con la actividad del sitio Web y el uso de Internet. Google podr\u00e1 transmitir dicha informaci\u00f3n a terceros cuando as\u00ed se lo requiera la legislaci\u00f3n, o cuando dichos terceros procesen la informaci\u00f3n por cuenta de Google. Google no asociar\u00e1 su direcci\u00f3n IP con ning\u00fan otro dato del que disponga Google. Puede Usted rechazar el tratamiento de los datos o la informaci\u00f3n rechazando el uso de cookies mediante la selecci\u00f3n de la configuraci\u00f3n apropiada de su navegador, sin embargo, debe Usted saber que si lo hace puede ser que no pueda usar la plena funcionabilidad de este sitio Web. Al utilizar este sitio Web Usted consiente el tratamiento de informaci\u00f3n acerca de Usted por Google en la forma y para los fines arriba indicados.<\/p>\n<p>A estos efectos, se informa que Google Inc. tiene la consideraci\u00f3n de &#8216;puerto seguro&#8217; en cuanto a la normativa de protecci\u00f3n de datos personales.<\/p>\n<p>El Usuario da su previo consentimiento, salvo indicaci\u00f3n en contrario, al uso de &#8216;cookies&#8217;. El Usuario autoriza tambi\u00e9n los seguimientos de su IP durante la navegaci\u00f3n en el sitio Web.<\/p>\n<p>Puedes negarte a aceptar cookies activando la configuraci\u00f3n en tu navegador que permite rechazar las cookies. No obstante, si seleccionas esta configuraci\u00f3n, quiz\u00e1s no puedas acceder a determinadas partes del Sitio Web o no puedas aprovecharte de alguno de nuestros servicios. A menos que hayas ajustado la configuraci\u00f3n de tu navegador de forma que rechace cookies, nuestro sistema producir\u00e1 cookies cuando te conectes a nuestro sitio.<\/p>\n<h3>\u00bfQu\u00e9 tipos de cookies existen?<\/h3>\n<ul>\n<li>Cookies propias: Son aquellas que enviamos a tu ordenador o terminal desde nuestra p\u00e1gina web.<\/li>\n<li>Cookies de tercero: Son aqu\u00e9llas que se env\u00edan a tu ordenador o terminal desde un dominio o una p\u00e1gina web que no es gestionada por nosotros, sino por otra entidad que trata los datos obtenidos trav\u00e9s de las cookies.<\/li>\n<li>Cookies de sesi\u00f3n: Son un tipo de cookies dise\u00f1adas para recabar y almacenar datos mientras accedes a nuestra web.<\/li>\n<li>Cookies persistentes: Son un tipo de cookies en el que los datos siguen almacenados en el terminal y pueden ser accedidos y tratados durante un periodo determinado de tiempo, y que puede ir de unos minutos a varios a\u00f1os.<\/li>\n<li>Cookies de an\u00e1lisis: Son aqu\u00e9llas que bien tratadas por nosotros o por terceros, nos permiten cuantificar el n\u00famero de usuarios y realizar la medici\u00f3n y an\u00e1lisis estad\u00edstico de la utilizaci\u00f3n que hacen los usuarios de nuestra web. Para ello analizamos la navegaci\u00f3n en nuestra p\u00e1gina web con el fin de mejorar la oferta de productos o servicios que ofrecemos.<\/li>\n<li>Cookies publicitarias: Son aqu\u00e9llas que permiten la gesti\u00f3n, de la forma m\u00e1s eficaz posible, de los espacios publicitarios que hay en nuestra p\u00e1gina web en base a criterios como el contenido editado o la frecuencia en la que se muestran los anuncios o en funci\u00f3n del comportamiento de los usuarios obtenida a trav\u00e9s de la observaci\u00f3n continuada de sus h\u00e1bitos de navegaci\u00f3n, lo que permite desarrollar un perfil espec\u00edfico para mostrar la publicidad en funci\u00f3n del mismo.<\/li>\n<\/ul>\n<ul>\n<h3>\u00bfC\u00f3mo puedo desactivar las cookies?<\/h3>\n<p>La mayor\u00eda de los navegadores indican c\u00f3mo configurar su navegador para que no acepte cookies, para que le notifique cada vez que reciba una nueva cookie, as\u00ed como para desactivarlas completamente. Para controlar qu\u00e9 uso quiere que se haga de su informaci\u00f3n, puede configurar el navegador de su terminal en la forma que estime m\u00e1s conveniente para Vd.<\/p>\n<p>En todo caso, le hacemos notar que si se desactivan las cookies t\u00e9cnicas y\/o de funcionamiento, la calidad de la p\u00e1gina web puede disminuir o puede que cueste m\u00e1s identificarle.<\/p>\n<p>Le indicamos los siguientes enlaces, donde podr\u00e1 encontrar m\u00e1s informaci\u00f3n sobre los diferentes navegadores:<\/p>\n<\/ul>\n<ul>\n<li><a href=\"http:\/\/windows.microsoft.com\/es-es\/windows7\/how-to-manage-cookies-in-internet-explorer-9\">Explorer<\/a><\/li>\n<li><a href=\"http:\/\/support.google.com\/chrome\/bin\/answer.py?hl=es&#038;answer=95647\">Chrome<\/a><\/li>\n<li><a href=\"http:\/\/support.mozilla.org\/es\/kb\/habilitar-y-deshabilitar-cookies-que-los-sitios-we\">Firefox<\/a><\/li>\n<li><a href=\"http:\/\/www.opera.com\/help\/tutorials\/security\/cookies\/\">Opera<\/a><\/li>\n<\/ul>\n","protected":false},"excerpt":{"rendered":"<p>USO DE COOKIES Las cookies son identificadores alfanum\u00e9ricos que, a trav\u00e9s de tu navegador de internet se transmiten a tu ordenador para que nuestro sistema&hellip; <\/p>\n","protected":false},"author":1,"featured_media":0,"parent":0,"menu_order":0,"comment_status":"closed","ping_status":"closed","template":"","meta":{"footnotes":""},"class_list":["post-2697","page","type-page","status-publish","hentry"],"jetpack_sharing_enabled":true,"_links":{"self":[{"href":"https:\/\/dendrocopos.com\/index.php?rest_route=\/wp\/v2\/pages\/2697","targetHints":{"allow":["GET"]}}],"collection":[{"href":"https:\/\/dendrocopos.com\/index.php?rest_route=\/wp\/v2\/pages"}],"about":[{"href":"https:\/\/dendrocopos.com\/index.php?rest_route=\/wp\/v2\/types\/page"}],"author":[{"embeddable":true,"href":"https:\/\/dendrocopos.com\/index.php?rest_route=\/wp\/v2\/users\/1"}],"replies":[{"embeddable":true,"href":"https:\/\/dendrocopos.com\/index.php?rest_route=%2Fwp%2Fv2%2Fcomments&post=2697"}],"version-history":[{"count":0,"href":"https:\/\/dendrocopos.com\/index.php?rest_route=\/wp\/v2\/pages\/2697\/revisions"}],"wp:attachment":[{"href":"https:\/\/dendrocopos.com\/index.php?rest_route=%2Fwp%2Fv2%2Fmedia&parent=2697"}],"curies":[{"name":"wp","href":"https:\/\/api.w.org\/{rel}","templated":true}]}}