{"id":2214,"date":"2014-10-20T20:27:15","date_gmt":"2014-10-20T18:27:15","guid":{"rendered":"https:\/\/dendrocopos.com\/?page_id=2214"},"modified":"2021-03-07T21:19:25","modified_gmt":"2021-03-07T19:19:25","slug":"colores-invernales-winter-colors","status":"publish","type":"page","link":"https:\/\/dendrocopos.com\/?page_id=2214","title":{"rendered":"Colores invernales &#8211; Winter colors"},"content":{"rendered":"<p>WINTER COLORS<\/p>\n<p>Canon EOS 5D Mark II, EF500mm f\/4L IS USM, 1\/125 seg; f\/8; ISO500, Tr\u00edpode, Hide<\/p>\n<p><span style=\"text-decoration: underline;\">INTRODUCCI\u00d3N<\/span><\/p>\n<p>Era una fr\u00eda ma\u00f1ana de invierno en la que todo estaba helado, incluso los arbustos hasta tres metros de alto. Amaneciendo a unos -5\u00baC, esperaba que el ave apareciera en el momento justo. Fue as\u00ed cuando el sol aparec\u00eda con sus primeros y d\u00e9biles rayos. Un silbido, una mirada y la fotograf\u00eda fue tomada conforme a mi idea inicial.<\/p>\n<p>&nbsp;<\/p>\n<p style=\"text-align: left;\"><img loading=\"lazy\" decoding=\"async\" class=\" wp-image-1145\" src=\"http:\/\/www.dendrocopos.com\/wp-content\/uploads\/2013\/07\/colores_invernales_asferico2013.jpg\" alt=\"colores_invernales_asferico2013\" width=\"684\" height=\"456\" srcset=\"https:\/\/www.dendrocopos.com\/wp-content\/uploads\/2013\/07\/colores_invernales_asferico2013.jpg 1280w, https:\/\/www.dendrocopos.com\/wp-content\/uploads\/2013\/07\/colores_invernales_asferico2013-200x133.jpg 200w, https:\/\/www.dendrocopos.com\/wp-content\/uploads\/2013\/07\/colores_invernales_asferico2013-400x266.jpg 400w, https:\/\/www.dendrocopos.com\/wp-content\/uploads\/2013\/07\/colores_invernales_asferico2013-960x639.jpg 960w, https:\/\/www.dendrocopos.com\/wp-content\/uploads\/2013\/07\/colores_invernales_asferico2013-1024x682.jpg 1024w, https:\/\/www.dendrocopos.com\/wp-content\/uploads\/2013\/07\/colores_invernales_asferico2013-480x319.jpg 480w\" sizes=\"auto, (max-width: 684px) 100vw, 684px\" \/><\/p>\n<p>&nbsp;<\/p>\n<p><span style=\"text-decoration: underline;\">IMAGEN<\/span><\/p>\n<p>El retrato animal es mi especialidad, siempre busco una luz natural y una pose interesante que describe al animal que fotograf\u00edo. El t\u00edtulo salvo que se aprecie la estaci\u00f3n del a\u00f1o como es este caso suele simplemente describir brevemente la imagen. Una pareja de tarabillas comunes (Eurasian stonechat) les gustaba posarse en un majuelo (Crataegus monogyna) muy bajito de apenas un metro. Llevaba observ\u00e1ndolas varias tardes y la anterior a la toma de la fotograf\u00eda decid\u00ed buscar una rama con hojas de distintos colores c\u00e1lidos para ponerla apoyada en ese arbusto que utilizaban para vigilar. La elegida quedaba genial y adem\u00e1s la previsi\u00f3n era de fuertes heladas en esa zona a unos 900 msm en el parque natural \u201cSierra de Grazalema\u201d, Andalucia. C\u00f3mo cit\u00e9 con anterioridad llegu\u00e9 todav\u00eda de noche porque mi idea era tomar la imagen con las hojas congeladas antes que la luz del sol las derritiera. Mi preferencia era antes de la salida del sol para dar ese ambiente fr\u00edo de invierno pero con los toques de color de finales de oto\u00f1o. Las zarzamoras (Rubus ulmifolius) aguantan el invierno con sus hojas que van desde el amarillento hasta el rojo oscuro y era ideal para que el ave se posara en ella, adem\u00e1s hab\u00eda una zona libre de hojas para la composici\u00f3n en la que el ave podr\u00eda posarse sin problemas y estar c\u00f3moda. El ave era tranquila y no parec\u00eda que yo le molestase a unos 5 metros ya que hab\u00eda estado all\u00ed varias tardes, adem\u00e1s de vez en cuando le aportaba algunos gusanos, para ayudarla a pasar los d\u00edas m\u00e1s duros en la que la alimentaci\u00f3n es muy escasa en cuanto a insectos se refiere. Por eso la fotograf\u00eda fue tomada incluso sin hide. Con la c\u00e1mara fotogr\u00e1fica en AV utilic\u00e9 un diafragma f\/8 que diera un profundidad de campo justa para que el ave estuviera enfocada y el fondo estuviera difuminado. Adem\u00e1s es un buen diafragma para sacarle partido al teleobjetivo y cre\u00eda suficiente 1\/125 s para que no tuviera problemas de trepidaci\u00f3n. El ISO 500 era bueno para este modelo de c\u00e1mara fotogr\u00e1fica, aunque es verdad que l\u00edmite para otras si no quieres empezar a tener problemas con el ruido. Viendo la imagen podr\u00eda haber tenido un poco m\u00e1s de profundidad de campo pero tampoco quer\u00eda arriesgar a una trepidaci\u00f3n o a un ruido mayor. No utilic\u00e9 flash porque me gustaba la luz natural que hubo durante esa ma\u00f1ana hasta la salida del sol. La composici\u00f3n ya estaba estudiada para formato horizontal en este caso.\u00a0En cuanto a los consejos para este tipo de im\u00e1genes, el primero requiere tiempo porque hay que conocer cada especie y su comportamiento. Despu\u00e9s para el retrato de aves, me gustan d\u00edas nublados o de nubes finas que filtran el sol y se pueden hacer fotograf\u00edas con luces suaves y con una velocidad de obturaci\u00f3n suficiente como para que no haya trepidaci\u00f3n. Por \u00faltimo gusto por la elecci\u00f3n del lugar y templar los nervios cuando tienes ese segundo del que depende tener un buen trabajo o no tener la oportunidad de haber aprovechado un momento \u00fanico y que no se sabe si se va a volver a dar en un futuro.<\/p>\n<p>&nbsp;<\/p>\n<p><span style=\"text-decoration: underline;\">POSTPROCESAMIENTO<\/span><\/p>\n<p>En primer lugar decir que siempre utilizo el Digital Photo Professional para ajustar el raw, ya que me guarda los preajustes que he hecho en la c\u00e1mara dependiendo de la escena, adem\u00e1s de que estoy muy familiarizado con \u00e9l. Ajusto habitualmente un poco el contraste, en este caso (-4), en la 5D2, aunque menos en la actual 5D3 (-1 o -2) y las sombras (-3) aunque habitualmente (-1), luego la m\u00e1scara de enfoque (6, 1, 3).<br \/>\nAl final convierto a 16 bits y trabajo con photoshop: ajusto niveles, exposici\u00f3n, posteriormente trato con moderaci\u00f3n el ruido con Topaz y por \u00faltimo m\u00e1scara de enfoque (30-70, 0,5, 1). Esto b\u00e1sicamente es lo que hago para el 90% de mis im\u00e1genes. En el caso de fotograf\u00eda macro habitualmente dejo m\u00e1s contraste en las im\u00e1genes, eso s\u00ed en todos los casos dependiendo de la luz que hay en ese momento.<\/p>\n<p>&nbsp;<\/p>\n<p><span style=\"text-decoration: underline;\">RESULTADO<\/span><\/p>\n<p>Aunque ya estaba contento de ver el resultado en la c\u00e1mara, cuando llegu\u00e9 y la vi en el ordenador qued\u00e9 satisfecho, eso s\u00ed con los peque\u00f1os ajustes antes indicados. Como dije antes porque era bastante est\u00e9tica con el ambiente fr\u00edo y esos toques c\u00e1lidos. Quiz\u00e1s el problema m\u00e1s importante era la rapidez para hacer la fotograf\u00eda. Esta imagen ha obtenido una HighlightII ASFERICO 2013 (Italy) category PORTRAITS<\/p>\n","protected":false},"excerpt":{"rendered":"<p>WINTER COLORS Canon EOS 5D Mark II, EF500mm f\/4L IS USM, 1\/125 seg; f\/8; ISO500, Tr\u00edpode, Hide INTRODUCCI\u00d3N Era una fr\u00eda ma\u00f1ana de invierno en&hellip; <\/p>\n","protected":false},"author":1,"featured_media":0,"parent":2187,"menu_order":0,"comment_status":"closed","ping_status":"closed","template":"","meta":{"footnotes":""},"class_list":["post-2214","page","type-page","status-publish","hentry"],"jetpack_sharing_enabled":true,"_links":{"self":[{"href":"https:\/\/dendrocopos.com\/index.php?rest_route=\/wp\/v2\/pages\/2214","targetHints":{"allow":["GET"]}}],"collection":[{"href":"https:\/\/dendrocopos.com\/index.php?rest_route=\/wp\/v2\/pages"}],"about":[{"href":"https:\/\/dendrocopos.com\/index.php?rest_route=\/wp\/v2\/types\/page"}],"author":[{"embeddable":true,"href":"https:\/\/dendrocopos.com\/index.php?rest_route=\/wp\/v2\/users\/1"}],"replies":[{"embeddable":true,"href":"https:\/\/dendrocopos.com\/index.php?rest_route=%2Fwp%2Fv2%2Fcomments&post=2214"}],"version-history":[{"count":1,"href":"https:\/\/dendrocopos.com\/index.php?rest_route=\/wp\/v2\/pages\/2214\/revisions"}],"predecessor-version":[{"id":2959,"href":"https:\/\/dendrocopos.com\/index.php?rest_route=\/wp\/v2\/pages\/2214\/revisions\/2959"}],"up":[{"embeddable":true,"href":"https:\/\/dendrocopos.com\/index.php?rest_route=\/wp\/v2\/pages\/2187"}],"wp:attachment":[{"href":"https:\/\/dendrocopos.com\/index.php?rest_route=%2Fwp%2Fv2%2Fmedia&parent=2214"}],"curies":[{"name":"wp","href":"https:\/\/api.w.org\/{rel}","templated":true}]}}