{"id":2205,"date":"2014-10-20T20:20:01","date_gmt":"2014-10-20T18:20:01","guid":{"rendered":"https:\/\/dendrocopos.com\/?page_id=2205"},"modified":"2021-03-06T21:28:49","modified_gmt":"2021-03-06T19:28:49","slug":"abubilla-con-lagartija-hoopoe-with-lizard","status":"publish","type":"page","link":"https:\/\/dendrocopos.com\/?page_id=2205","title":{"rendered":"Abubilla con lagartija &#8211; Hoopoe with lizard"},"content":{"rendered":"<p>HOOPOE WITH LIZARD<\/p>\n<p>Canon EOS 5D Mark II, EF500mm f\/4L IS USM, 1\/200 seg; f\/8; ISO 400, Tr\u00edpode, Hide<\/p>\n<div class=\"page\" title=\"Page 2\"><\/div>\n<div class=\"page\" title=\"Page 2\">\n<p><img loading=\"lazy\" decoding=\"async\" class=\" wp-image-1096 alignleft\" src=\"http:\/\/www.dendrocopos.com\/wp-content\/uploads\/2013\/07\/abubilla_fotocam.jpg\" alt=\"abubilla_fotocam\" width=\"429\" height=\"644\" srcset=\"https:\/\/www.dendrocopos.com\/wp-content\/uploads\/2013\/07\/abubilla_fotocam.jpg 568w, https:\/\/www.dendrocopos.com\/wp-content\/uploads\/2013\/07\/abubilla_fotocam-133x200.jpg 133w, https:\/\/www.dendrocopos.com\/wp-content\/uploads\/2013\/07\/abubilla_fotocam-266x400.jpg 266w, https:\/\/www.dendrocopos.com\/wp-content\/uploads\/2013\/07\/abubilla_fotocam-480x720.jpg 480w\" sizes=\"auto, (max-width: 429px) 100vw, 429px\" \/><\/p>\n<div class=\"page\" title=\"Page 2\"><span style=\"text-decoration: underline;\">INTRODUCCI\u00d3N<\/span><\/div>\n<p>Aquella ma\u00f1ana de mayo no esperaba fotografiar esta abubilla (Upupa epops) con una lagartija (Podarcis vaucheri), lo normal hubiera sido con ara\u00f1as y gusanos. No tard\u00f3 mas de una hora en aparecer volando hacia la rama por lo que tuve que templar los nervios respirando profundamente cuando vi el reptil colgando de su alargado pico. Agachaba y habr\u00eda su cresta y miraba hac\u00eda aquel brillo que hac\u00eda el gran cristal del teleobjetivo.<\/p>\n<\/div>\n<div class=\"page\" title=\"Page 2\"><\/div>\n<div class=\"page\" title=\"Page 2\">\n<div class=\"page\" title=\"Page 2\"><span style=\"text-decoration: underline;\">IMAGEN<\/span><\/div>\n<p>El retrato animal es mi especialidad, siempre busco una luz natural y una pose interesante que describe al animal que fotograf\u00edo. El t\u00edtulo salvo que se aprecie la estaci\u00f3n del a\u00f1o suele simplemente describir brevemente la imagen. Dos semanas antes de la realizaci\u00f3n de la fotograf\u00eda en la campi\u00f1a gaditana, colindante con el parque natural \u201cLos Alcornocales\u201d en Andaluc\u00eda y buscando animales en huecos de \u00e1rboles a unos 30 km de mi casa, observ\u00e9 una abubilla incubando varios huevos. Sin querer molestarla me alej\u00e9 del sitio sin que el ave pareciera estar asustado. Mi idea era volver cuando su prole hubiera crecido bastante y asomaran sus cabecitas del hueco del nido, siempre y cuando los padres me aceptaran y no pusiera en peligro el normal desarrollo de sus vidas. En principio mi inter\u00e9s no era el nido, sino los adultos con insectos y escorpiones en el pico. Estudiando la situaci\u00f3n desde lejos con prism\u00e1ticos, me d\u00ed cuenta que el \u00e1rbol que utilizaban para observar si no hab\u00eda predadores antes de entrar al nido estaba a unos 25 metros y que si pon\u00eda una rama entre \u00e1rbol y \u00e1rbol era posible que se posase, ya que as\u00ed controlaban un poco m\u00e1s la situaci\u00f3n de un potencial peligro. As\u00ed fue, en la primera sesi\u00f3n llegu\u00e9 al amanecer y pronto estaba metido en el hide, el cual llevaba montado una semana para que las aves se acostumbraran a \u00e9l. Aunque las primeras veces volaban directas al nido, en cuanto vieron que todo ocurr\u00eda con normalidad comenzaron a usar la rama puesta por m\u00ed para mirar que todo estaba en orden para luego cebar a los pollos. \u00c9sta med\u00eda sobre 1,5 metros. El primer d\u00eda que lo intent\u00e9 pude fotografiar las abubillas con capturas de ara\u00f1as sobre todo, pero al d\u00eda siguiente pude conseguir esta imagen, que aunque no es excepcional la captura de reptiles tampoco es com\u00fan. Las primeras horas de la ma\u00f1ana eran las m\u00e1s probables ya que los reptiles son m\u00e1s lentos. Tuve la suerte de que estuviera nublado ya que quer\u00eda un fondo uniforme para que no hubiera distracci\u00f3n con los colores anaranjados de la abubilla.\u00a0Es importante se\u00f1alar que para saber que utilizar\u00eda esa rama intermedia entre \u00e1rboles se debe tener experiencia como naturalista, de lo contrario no hubiera sido tan f\u00e1cil obtener esta imagen. Con la c\u00e1mara fotogr\u00e1fica en AV utilic\u00e9 un diafragma f\/8 que diera un profundidad de campo justa para que el ave estuviera enfocada y el fondo estuviera difuminado. Adem\u00e1s es un buen diafragma para sacarle partido al teleobjetivo y cre\u00eda suficiente 1\/200 s para que no tuviera problemas de trepidaci\u00f3n. El ISO era bueno para este modelo de c\u00e1mara fotogr\u00e1fica, aunque es verdad que l\u00edmite para otras si no quieres empezar a tener problemas con el ruido. No utilic\u00e9 flash porque me gustaba la luz natural que hubo durante esa ma\u00f1ana. La composici\u00f3n ya estaba estudiada para formato vertical y debido a que el ave s\u00f3lo paraba un par de segundos en la rama, ya hab\u00eda preenfocado al punto m\u00e1s alto de la rama despu\u00e9s de ver como se posaba el ave en ella.<br \/>\nEn cuanto a los consejos para este tipo de im\u00e1genes, el primero requiere tiempo porque hay que conocer cada especie y su comportamiento. Despu\u00e9s para el retrato de aves, d\u00edas de nubes finas que filtran el sol y se pueden hacer fotograf\u00edas con luces suaves y con una velocidad de obturaci\u00f3n suficiente como para que no haya trepidaci\u00f3n. Por \u00faltimo gusto por la elecci\u00f3n del lugar y templar los nervios cuando tienes ese segundo del que depende tener un buen trabajo o no tener la oportunidad de haber aprovechado un momento \u00fanico y que no se sabe si se va a volver a dar en un futuro.<\/p>\n<\/div>\n<div class=\"page\" title=\"Page 2\"><\/div>\n<div class=\"page\" title=\"Page 2\">\n<div class=\"page\" title=\"Page 2\"><span style=\"text-decoration: underline;\">POSTPROCESAMIENTO<\/span><\/div>\n<p>En primer lugar decir que siempre utilizo el Digital Photo Professional para ajustar el raw, ya que me guarda los preajustes que he hecho en la c\u00e1mara dependiendo de la escena, adem\u00e1s de que estoy muy familiarizado con \u00e9l. Ajusto habitualmente un poco el contraste, en este caso (-3), en la 5D2, aunque menos en la actual 5D3 (-1) y las sombras (-2), luego la m\u00e1scara de enfoque (6, 1, 3).<br \/>\nAl final convierto a 16 bits y trabajo con photoshop: ajusto niveles, exposici\u00f3n, posteriormente trato con moderaci\u00f3n el ruido con Topaz y por \u00faltimo m\u00e1scara de enfoque (50, 0,5, 1). Esto b\u00e1sicamente es lo que hago para el 90% de mis im\u00e1genes. En el caso de fotograf\u00eda macro habitualmente dejo m\u00e1s contraste en las im\u00e1genes, eso s\u00ed en todos los casos dependiendo de la luz que hay en ese momento.<\/p>\n<\/div>\n<div class=\"page\" title=\"Page 2\"><\/div>\n<div class=\"page\" title=\"Page 2\">\n<div class=\"page\" title=\"Page 2\"><span style=\"text-decoration: underline;\">RESULTADO<\/span><\/div>\n<p>Aunque ya estaba contento de ver el resultado en la c\u00e1mara, cuando llegu\u00e9 y la vi en el ordenador qued\u00e9 satisfecho, eso s\u00ed con los peque\u00f1os ajustes antes indicados. Como dije antes porque era bastante est\u00e9tica con esa presa en el pico. Quiz\u00e1s el problema m\u00e1s importante era la rapidez para hacer la fotograf\u00eda. Me trae muy buenos recuerdos por la emoci\u00f3n cuando estaba posada con esa cresta levantada y el reptil en el pico, fue emocionante y una subida de adrenalina enorme. Una de las cosas divertidas era que para que levantara la cresta ten\u00eda que silbar un poco para llamar su atenci\u00f3n y as\u00ed hizo el efecto deseado. Esta imagen ha obtenido una menci\u00f3n honor\u00edfica en el concurso fotogr\u00e1fico espa\u00f1ol FOTOCAM 2011.<\/p>\n<\/div>\n<p>&nbsp;<\/p>\n","protected":false},"excerpt":{"rendered":"<p>HOOPOE WITH LIZARD Canon EOS 5D Mark II, EF500mm f\/4L IS USM, 1\/200 seg; f\/8; ISO 400, Tr\u00edpode, Hide INTRODUCCI\u00d3N Aquella ma\u00f1ana de mayo no&hellip; <\/p>\n","protected":false},"author":1,"featured_media":2294,"parent":2187,"menu_order":0,"comment_status":"closed","ping_status":"open","template":"","meta":{"footnotes":""},"class_list":["post-2205","page","type-page","status-publish","has-post-thumbnail","hentry"],"jetpack_sharing_enabled":true,"_links":{"self":[{"href":"https:\/\/dendrocopos.com\/index.php?rest_route=\/wp\/v2\/pages\/2205","targetHints":{"allow":["GET"]}}],"collection":[{"href":"https:\/\/dendrocopos.com\/index.php?rest_route=\/wp\/v2\/pages"}],"about":[{"href":"https:\/\/dendrocopos.com\/index.php?rest_route=\/wp\/v2\/types\/page"}],"author":[{"embeddable":true,"href":"https:\/\/dendrocopos.com\/index.php?rest_route=\/wp\/v2\/users\/1"}],"replies":[{"embeddable":true,"href":"https:\/\/dendrocopos.com\/index.php?rest_route=%2Fwp%2Fv2%2Fcomments&post=2205"}],"version-history":[{"count":1,"href":"https:\/\/dendrocopos.com\/index.php?rest_route=\/wp\/v2\/pages\/2205\/revisions"}],"predecessor-version":[{"id":2957,"href":"https:\/\/dendrocopos.com\/index.php?rest_route=\/wp\/v2\/pages\/2205\/revisions\/2957"}],"up":[{"embeddable":true,"href":"https:\/\/dendrocopos.com\/index.php?rest_route=\/wp\/v2\/pages\/2187"}],"wp:featuredmedia":[{"embeddable":true,"href":"https:\/\/dendrocopos.com\/index.php?rest_route=\/wp\/v2\/media\/2294"}],"wp:attachment":[{"href":"https:\/\/dendrocopos.com\/index.php?rest_route=%2Fwp%2Fv2%2Fmedia&parent=2205"}],"curies":[{"name":"wp","href":"https:\/\/api.w.org\/{rel}","templated":true}]}}