{"id":15,"date":"2013-07-12T18:09:46","date_gmt":"2013-07-12T16:09:46","guid":{"rendered":"https:\/\/dendrocopos.com\/?page_id=15"},"modified":"2021-03-07T21:20:57","modified_gmt":"2021-03-07T19:20:57","slug":"autor","status":"publish","type":"page","link":"https:\/\/dendrocopos.com\/?page_id=15","title":{"rendered":"ABOUT ME"},"content":{"rendered":"<h2>Hi! I am Andr\u00e9s Miguel Dom\u00ednguez, Nature Photographer<\/h2>\n<p>I show a selection of my favourites pictures taken for me. This images was taken about all in southern Spain. Also I show pictures taken in others countries like Finland, Norway, France, Poland&#8230;<\/p>\n<p>&nbsp;<\/p>\n<p style=\"text-align: center;\"><a href=\"http:\/\/www.dendrocopos.com\/wp-content\/uploads\/2013\/07\/andres.jpg\"><img loading=\"lazy\" decoding=\"async\" class=\"aligncenter wp-image-1969\" src=\"http:\/\/www.dendrocopos.com\/wp-content\/uploads\/2013\/07\/andres.jpg\" alt=\"andres\" width=\"500\" height=\"333\" \/><\/a><\/p>\n<ul>\n<li>Nace en Septiembre de 1968 en Madrid, aunque desde los 8 a\u00f1os vive en Ubrique (C\u00e1diz), tierra natal de sus progenitores. Siempre se ha visto atra\u00eddo por la vida animal, sobre todo por la ornitolog\u00eda. Poco despu\u00e9s escrib\u00eda en un cuadernillo las longitudes y caracter\u00edsticas de las aves que habitaban en su entorno.<\/li>\n<\/ul>\n<ul>\n<li><span id=\"result_box\" lang=\"en\"><span class=\"hps\">Born in<\/span> <span class=\"hps\">September<\/span> <span class=\"hps\">1968<\/span> <span class=\"hps\">in Madrid, but<\/span> <span class=\"hps\">from 8 years<\/span> <span class=\"hps\">living in<\/span> <span class=\"hps\">Ubrique<\/span> <span class=\"hps\">(C\u00e1diz<\/span>), the birthplace <span class=\"hps\">of his parents<\/span>. <span class=\"hps\">It has always been<\/span> <span class=\"hps\">attracted to<\/span> <span class=\"hps\">animal life<\/span>, especially <span class=\"hps\">ornithology.<\/span> <span class=\"hps\">Shortly after<\/span> <span class=\"hps\">writing in<\/span> <span class=\"hps\">a notebook<\/span> <span class=\"hps\">lengths and<\/span> <span class=\"hps\">characteristics of birds<\/span> <span class=\"hps\">living in<\/span> <span class=\"hps\">their environment.<\/span><\/span><\/li>\n<\/ul>\n<p>&nbsp;<\/p>\n<p>&nbsp;<\/p>\n<figure id=\"attachment_1624\" aria-describedby=\"caption-attachment-1624\" style=\"width: 500px\" class=\"wp-caption aligncenter\"><a href=\"https:\/\/dendrocopos.com\/wp-content\/uploads\/2013\/07\/09_muscaricomosuml.jpg\"><img loading=\"lazy\" decoding=\"async\" class=\" wp-image-1624 \" src=\"https:\/\/dendrocopos.com\/wp-content\/uploads\/2013\/07\/09_muscaricomosuml.jpg\" alt=\"Guitarrillo\" width=\"500\" height=\"333\" srcset=\"https:\/\/www.dendrocopos.com\/wp-content\/uploads\/2013\/07\/09_muscaricomosuml.jpg 1024w, https:\/\/www.dendrocopos.com\/wp-content\/uploads\/2013\/07\/09_muscaricomosuml-250x166.jpg 250w, https:\/\/www.dendrocopos.com\/wp-content\/uploads\/2013\/07\/09_muscaricomosuml-960x639.jpg 960w, https:\/\/www.dendrocopos.com\/wp-content\/uploads\/2013\/07\/09_muscaricomosuml-480x319.jpg 480w\" sizes=\"auto, (max-width: 500px) 100vw, 500px\" \/><\/a><figcaption id=\"caption-attachment-1624\" class=\"wp-caption-text\">Muscari comosum<\/figcaption><\/figure>\n<ul>\n<li>Aprendi\u00f3 bot\u00e1nica con sus estudios en Ingenier\u00eda T\u00e9cnica Forestal.\u00a0 Se dedica a la fotograf\u00eda de la naturaleza de forma autodidacta hace 20 a\u00f1os. Ha obtenido diversos premios destacando: Highly commended en la categor\u00eda Botanic realms en 2012 y finalista con dos im\u00e1genes en 2011 en las categor\u00edas aves y retrato animal en el VEOLIA ingl\u00e9s (Wildlife Photographer Of The Year) patrocinado por el Museo de Historia Natural de Londres y la BBC Worldwide, Highly Commended (menci\u00f3n honor\u00edfica) en la categor\u00eda de plantas y hongos en el concurso germano European Wildlife Photographer of the Year 2009 de la GDT (Gesellschaft Deutscher Tierfotografen) y Highly commended en 2012 en la categor\u00eda aves. Highly commended en la categor\u00eda de plantas y hongos y retrato en el ASFERICO italiano. 5\u00ba premio en el OASIS italiano en modalidad de reportaje. Dos segundos premios en FOTOCAM 2010 y 2012 en la categor\u00eda de fauna y AEFONA respectivamente y varias menciones honor\u00edficas en 2009, 2010 y 2012 en las categor\u00edas de paisajes, plantas y hongos y AEFONA. Primer premio Montphoto 2009 categor\u00eda aves. Primer premio del a\u00f1o 2005 y 2010, Premio tem\u00e1tico FAUNA en 2006 y PAISAJES en 2008 y finalista en 1999, 2001, 2002, 2004, 2005, 2006, 2008 y 2009 en el Concurso de la Consejer\u00eda de Medio Ambiente de Andaluc\u00eda D\u00eda Mundial del Medio Ambiente. 3er premio en el Concurso Fotogr\u00e1fico \u201cC\u00e1diz a la Vista\u201d para promocionar nacional e internacionalmente esta provincia, publicaciones en varios peri\u00f3dicos nacionales y provinciales.<\/li>\n<\/ul>\n<figure id=\"attachment_1572\" aria-describedby=\"caption-attachment-1572\" style=\"width: 500px\" class=\"wp-caption aligncenter\"><a href=\"https:\/\/dendrocopos.com\/wp-content\/uploads\/2013\/07\/11_anfibios_salamandral1.jpg\"><img loading=\"lazy\" decoding=\"async\" class=\" wp-image-1572 \" src=\"https:\/\/dendrocopos.com\/wp-content\/uploads\/2013\/07\/11_anfibios_salamandral1.jpg\" alt=\"Salamandra\" width=\"500\" height=\"333\" srcset=\"https:\/\/www.dendrocopos.com\/wp-content\/uploads\/2013\/07\/11_anfibios_salamandral1.jpg 1024w, https:\/\/www.dendrocopos.com\/wp-content\/uploads\/2013\/07\/11_anfibios_salamandral1-250x166.jpg 250w, https:\/\/www.dendrocopos.com\/wp-content\/uploads\/2013\/07\/11_anfibios_salamandral1-960x639.jpg 960w, https:\/\/www.dendrocopos.com\/wp-content\/uploads\/2013\/07\/11_anfibios_salamandral1-480x319.jpg 480w\" sizes=\"auto, (max-width: 500px) 100vw, 500px\" \/><\/a><figcaption id=\"caption-attachment-1572\" class=\"wp-caption-text\">Salamander (Salamandra salamandra)<\/figcaption><\/figure>\n<ul>\n<li><span id=\"result_box\" lang=\"en\"><span class=\"hps\">He learned<\/span> <span class=\"hps\">botany<\/span> <span class=\"hps\">with<\/span> <span class=\"hps\">his studies in<\/span> <span class=\"hps alt-edited\">Forest Technical Engineering<\/span>. <span class=\"hps\">It is dedicated to<\/span> <span class=\"hps\">nature photography<\/span> <span class=\"hps\">is self-taught<\/span> <span class=\"hps\">20 years ago.<\/span> <span class=\"hps\">He has obtained several<\/span> <span class=\"hps\">awards, such as<\/span>: Highly <span class=\"hps\">Commended<\/span> <span class=\"hps\">in the category<\/span> <span class=\"hps\">Botanic<\/span> <span class=\"hps\">realms<\/span> <span class=\"hps\">in 2012<\/span> <span class=\"hps\">and finalist<\/span> <span class=\"hps\">in 2011<\/span> <span class=\"hps\">with two images<\/span> <span class=\"hps\">in<\/span> <span class=\"hps\">birds and<\/span> <span class=\"hps\">animal portrait<\/span> <span class=\"hps\">categories<\/span> <span class=\"hps\">in<\/span> <span class=\"hps\">English<\/span> <span class=\"hps\">Veolia<\/span> <span class=\"hps atn\">(<\/span>Wildlife Photographer <span class=\"hps\">Of<\/span> <span class=\"hps\">The Year<\/span>) <span class=\"hps\">sponsored by the<\/span> <span class=\"hps\">Natural<\/span> <span class=\"hps\">History Museum<\/span> <span class=\"hps\">in London and<\/span> <span class=\"hps\">BBC<\/span> <span class=\"hps\">Worldwide<\/span>, Highly <span class=\"hps\">Commended<\/span> in <span class=\"hps\">the category of<\/span> <span class=\"hps\">plants and fungi<\/span> <span class=\"hps\">in the<\/span> <span class=\"hps\">German<\/span> <span class=\"hps\">European<\/span> <span class=\"hps\">Wildlife Photographer<\/span> <span class=\"hps\">of the Year 2009<\/span> <span class=\"hps\">of<\/span> <span class=\"hps\">the<\/span> <span class=\"hps\">GDT<\/span> <span class=\"hps atn\">(<\/span>Gesellschaft <span class=\"hps\">Deutscher<\/span> <span class=\"hps\">Tierfotografen<\/span>) <span class=\"hps\">and<\/span> <span class=\"hps\">Highly<\/span> <span class=\"hps\">Commended<\/span> <span class=\"hps\">in<\/span> <span class=\"hps\">2012 in the category<\/span> <span class=\"hps\">birds.<\/span> <span class=\"hps\">Highly<\/span> <span class=\"hps\">Commended<\/span> <span class=\"hps\">in the category of<\/span> <span class=\"hps\">plants<\/span> <span class=\"hps\">and fungi and portrait in the<\/span> <span class=\"hps\">Italian<\/span> <span class=\"hps\">ASFERICO<\/span>. 5\u00ba prize OASIS portfolio. <span class=\"hps\">FOTOCAM Spain:<\/span> <span class=\"hps\">Two<\/span> <span class=\"hps\">second prizes<\/span> <span class=\"hps\">in<\/span> <span class=\"hps\">2010<\/span> <span class=\"hps\">and 2012<\/span> <span class=\"hps\">in the category of<\/span> <span class=\"hps\">wildlife<\/span> <span class=\"hps\">and<\/span> <span class=\"hps\">several<\/span> <span class=\"hps\">commended<\/span> <span class=\"hps\">respectively<\/span> <span class=\"hps\">in 2009, 2010<\/span> <span class=\"hps\">and 2012<\/span> <span class=\"hps\">in the categories of<\/span> <span class=\"hps\">landscapes, plants<\/span> <span class=\"hps\">and fungi and<\/span> <span class=\"hps\">AEFONA<\/span>. <span class=\"hps\">First prize<\/span> <span class=\"hps\">Montphoto<\/span> <span class=\"hps\">2009 Category<\/span> <span class=\"hps\">birds.<\/span> <span class=\"hps\">First prize<\/span> <span class=\"hps\">in 2005<\/span> <span class=\"hps\">and 2010<\/span>,\u00a0 <span class=\"hps\">Award<\/span> <span class=\"hps\">in <\/span><\/span><span id=\"result_box\" lang=\"en\"><span class=\"hps\"><span id=\"result_box\" lang=\"en\"><span class=\"hps\">LANDSCAPES <\/span><\/span>2006\u00a0<\/span> and <span class=\"hps\">FAUNA<\/span> <span class=\"hps\">in 2008<\/span> <span class=\"hps\">and finalist in<\/span> <span class=\"hps\">1999, 2001<\/span>, 2002, 2004, <span class=\"hps\">2005<\/span>, 2006, 2008 <span class=\"hps\">and 2009<\/span> <span class=\"hps\">in<\/span> <span class=\"hps\">the Competition of the<\/span> <\/span><span id=\"result_box\" lang=\"en\"><span class=\"hps\">Consejer\u00eda de Medio Ambiente de Andaluc\u00eda D\u00eda Mundial del Medio Ambiente<\/span><span class=\"hps\">.<\/span> <span class=\"hps\">3rd Prize<\/span> <span class=\"hps\">in<\/span> <span class=\"hps\">Photo Contest<\/span> <span class=\"hps atn\">\u00ab<\/span><\/span><span id=\"result_box\" lang=\"en\">C\u00e1diz a la Vista<span class=\"hps\">\u00ab<\/span> <\/span><span id=\"result_box\" lang=\"en\"> <span class=\"hps\">to promote<\/span> <\/span><span id=\"result_box\" lang=\"en\"><span class=\"hps\">nationally and internationally <\/span><span class=\"hps\">this province<\/span>, publications <span class=\"hps\">in various<\/span> <span class=\"hps\">national and provincial newspapers<\/span>.<\/span><\/li>\n<\/ul>\n<p>&nbsp;<\/p>\n<figure id=\"attachment_1647\" aria-describedby=\"caption-attachment-1647\" style=\"width: 500px\" class=\"wp-caption aligncenter\"><a href=\"https:\/\/dendrocopos.com\/wp-content\/uploads\/2013\/07\/12_amanitamuscarial.jpg\"><img loading=\"lazy\" decoding=\"async\" class=\" wp-image-1647 \" src=\"https:\/\/dendrocopos.com\/wp-content\/uploads\/2013\/07\/12_amanitamuscarial.jpg\" alt=\"Matamoscas\" width=\"500\" height=\"333\" srcset=\"https:\/\/www.dendrocopos.com\/wp-content\/uploads\/2013\/07\/12_amanitamuscarial.jpg 1024w, https:\/\/www.dendrocopos.com\/wp-content\/uploads\/2013\/07\/12_amanitamuscarial-250x166.jpg 250w, https:\/\/www.dendrocopos.com\/wp-content\/uploads\/2013\/07\/12_amanitamuscarial-960x639.jpg 960w, https:\/\/www.dendrocopos.com\/wp-content\/uploads\/2013\/07\/12_amanitamuscarial-480x319.jpg 480w\" sizes=\"auto, (max-width: 500px) 100vw, 500px\" \/><\/a><figcaption id=\"caption-attachment-1647\" class=\"wp-caption-text\">Fly agarics (Amanita muscaria)<\/figcaption><\/figure>\n<p>En cuanto a revistas: NATIONAL GEOGRAPHIC\u00a0Magazine, BIRDING MAGAZINE revista especializada en aves (Estados Unidos), revista NATURA, Superfoto, NATURALEZA SALVAJE, IRIS, VISION SALVAJE, LA GARCILLA, TERRE SAUVAGE (Francia), V\u00f6gel (Alemania), etc.<\/p>\n<p><span id=\"result_box\" lang=\"en\"><span class=\"hps\">Journal and books: <\/span><\/span>The Washington Post, The Times, Daily Mail, Fototelegraf (Rusia), National Geographic Magazine, BIRDING MAGAZINE revista especializada en aves (Estados Unidos), V\u00d6GEL (AVES) Alemania, Revista NATURA, Superfoto, NATURALEZA SALVAJE, IRIS, VISION SALVAJE, LA GARCILLA,\u00a0 TERRE SAUVAGE (Francia), Naturimages (Francia),<\/p>\n<p>PUBLICACIONES EN LIBROS:<\/p>\n<p>&#8211; Las Aves de Espa\u00f1a de la editorial Lynx edicions.<\/p>\n<p>&#8211; El corzo en Andaluc\u00eda (Consejer\u00eda de Medio Ambiente Junta Andaluc\u00eda)<\/p>\n<p>&#8211; Fot\u00f3grafos 2007 de la revista Visi\u00f3n Salvaje<\/p>\n<p>&#8211; N\u00f3madas del Estrecho de Fernando Barrios<\/p>\n<p>&#8211; U\u00f1as de Cristal de David G\u00f3mez Samitier<\/p>\n<p>&#8211; Orqu\u00eddeas del parque natural \u201cSierra de Grazalema\u201d de Luis Velasco y Pepe Beltr\u00e1n<\/p>\n<p>&#8211; Gu\u00eda de especies amenazadas (Grecia)<\/p>\n<p>&#8211; Once Miradas, parque natural \u201cLos Alcornocales\u201d<\/p>\n<p>&#8211; Las siete Villas de la Serran\u00eda de Villaluenga de Editorial Treveris<\/p>\n<p>&#8211; El rebollar paisaje vivo de Tomero y Romillo<\/p>\n<p>&#8211; Parque natural \u201cSierra de Grazalema\u201d (Consejer\u00eda de Medio Ambiente Junta Andaluc\u00eda)<\/p>\n<p>&#8211; Rutas para fotografiar la naturaleza de los fot\u00f3grafos participantes<\/p>\n<p>&#8211; Mam\u00edferos de Europa de Jaume Sa\u00f1\u00e9<\/p>\n<p>&#8211; Anfibios y reptiles de Albert Mas\u00f3 y Pijoan<\/p>\n<p>&#8211; Owls of the world by Heimo Mikkola<\/p>\n<p>&#8211; GDT European photographer of the year 2009<\/p>\n<p>&#8211; El libro de las Rapaces de Marcos Lacasa<\/p>\n<p>&#8211; El r\u00edo de la vida de Fredy Hannermann<\/p>\n<p>&#8211; Fotograf\u00eda naturalista ASFERICO 2012<\/p>\n<p>&#8211; Owls de Marianne Taylor<\/p>\n<p>&#8211; Portfolio 22 Veolia 2012 wildlife photographer of the year<\/p>\n<p>&#8211; GDT European photographer of the year 2012<\/p>\n<p>&#8211; Naturaleza Ib\u00e9rica 2012<\/p>\n<p>&#8211; A vista de p\u00e1jaro de Rafael Palomo<\/p>\n<p>&#8211; Fotograf\u00eda naturalistica ASFERICO 2012 y 2013<\/p>\n<p>&#8211; HBW Birds of the world Volume special<\/p>\n<p>&nbsp;<\/p>\n<figure id=\"attachment_1617\" aria-describedby=\"caption-attachment-1617\" style=\"width: 500px\" class=\"wp-caption aligncenter\"><a href=\"https:\/\/dendrocopos.com\/wp-content\/uploads\/2013\/07\/02_linariaplacthycalyxl.jpg\"><img loading=\"lazy\" decoding=\"async\" class=\" wp-image-1617 \" src=\"https:\/\/dendrocopos.com\/wp-content\/uploads\/2013\/07\/02_linariaplacthycalyxl.jpg\" alt=\"Linaria\" width=\"500\" height=\"333\" srcset=\"https:\/\/www.dendrocopos.com\/wp-content\/uploads\/2013\/07\/02_linariaplacthycalyxl.jpg 1024w, https:\/\/www.dendrocopos.com\/wp-content\/uploads\/2013\/07\/02_linariaplacthycalyxl-250x166.jpg 250w, https:\/\/www.dendrocopos.com\/wp-content\/uploads\/2013\/07\/02_linariaplacthycalyxl-960x639.jpg 960w, https:\/\/www.dendrocopos.com\/wp-content\/uploads\/2013\/07\/02_linariaplacthycalyxl-480x319.jpg 480w\" sizes=\"auto, (max-width: 500px) 100vw, 500px\" \/><\/a><figcaption id=\"caption-attachment-1617\" class=\"wp-caption-text\">Linaria platycalyx<\/figcaption><\/figure>\n<p>&nbsp;<\/p>\n<p>&nbsp;<\/p>\n<ul>\n<li>Actualmente combina su profesi\u00f3n de Profesor de Ense\u00f1anza Secundaria con la fotograf\u00eda. Cuenta con un amplio archivo de especies salvajes, fotografiadas en libertad, unas doscientas especies de aves, flora, hongos, reptiles y anfibios, invertebrados, mam\u00edferos, paisajes, en conjunto m\u00e1s de 35.000 diapositivas y 120.000 raw digitales de las cuales la mayor\u00eda corresponden al Parque Natural Sierra de Grazalema y al Parque Natural Los Alcornocales, aunque tambi\u00e9n de Los Pirineos, Cantabria, Asturias, Sierra Nevada, Sierra de Cazorla Segura y Las Villas, Sierra de And\u00fajar, Torcal de Antequera, Fuentedepiedra, en Espa\u00f1a y Polonia, Francia, Italia, Croacia, Grecia, Finlandia , Noruega, Escocia, Inglaterra y Rusia en el extranjero.<\/li>\n<\/ul>\n<ul>\n<li><span id=\"result_box\" lang=\"en\"><span class=\"hps\">Currently<\/span> <span class=\"hps\">combines his<\/span> <span class=\"hps\">profession<\/span> <span class=\"hps\">High school<\/span> <span class=\"hps\">with photography.<\/span> <span class=\"hps\">It has<\/span> <span class=\"hps\">an extensive archive<\/span> <span class=\"hps\">of wild species,<\/span> <span class=\"hps\">photographed<\/span> <span class=\"hps\">in the wild<\/span>, <span class=\"hps\">about two hundred<\/span> <span class=\"hps\">species of birds<\/span>, flora, fungi, reptiles <span class=\"hps\">and amphibians<\/span>, invertebrates, mammals, landscapes, <span class=\"hps\">altogether more<\/span> <span class=\"hps\">than 35,000<\/span> <span class=\"hps\">slides and<\/span> 120.000 <span class=\"hps\">digital<\/span> <span class=\"hps\">raw<\/span> <span class=\"hps\">which<\/span> <span class=\"hps\">correspond<\/span> <span class=\"hps\">to<\/span> <span class=\"hps\">Parque Natural Sierra<\/span> <span class=\"hps\">de Grazalema,<\/span> <\/span><span id=\"result_box\" lang=\"en\"><span class=\"hps\">Parque Natural Los Alcornocales<\/span><span class=\"hps\">,<\/span> <span class=\"hps\">but also<\/span> <span class=\"hps\">in the Pyrenees<\/span>, Cantabria, Asturias, <span class=\"hps\">Navacerrada<\/span>, <span class=\"hps\">Sierra de Cazorla,<\/span> <span class=\"hps\">Segura<\/span> <span class=\"hps\">and Las<\/span> <span class=\"hps\">Villas,<\/span> <span class=\"hps\">Sierra de<\/span> <span class=\"hps\">And\u00fajar,<\/span> <span class=\"hps\">Torcal de<\/span> <span class=\"hps\">Antequera<\/span>, <span class=\"hps\">Fuentedepiedra<\/span> <span class=\"hps\">in<\/span> <span class=\"hps\">Spain, <\/span><span class=\"hps\">Poland<\/span>, <span class=\"hps\">France,<\/span> <span class=\"hps\">Italy, Croatia<\/span>, Greece, Finland, Norway, Scotland, <span class=\"hps\">England and<\/span> <span class=\"hps\">Russia<\/span>.<\/span><\/li>\n<\/ul>\n<p>&nbsp;<\/p>\n","protected":false},"excerpt":{"rendered":"<p>Hi! I am Andr\u00e9s Miguel Dom\u00ednguez, Nature Photographer I show a selection of my favourites pictures taken for me. This images was taken about all&hellip; <\/p>\n","protected":false},"author":1,"featured_media":666,"parent":0,"menu_order":2,"comment_status":"closed","ping_status":"closed","template":"","meta":{"footnotes":""},"class_list":["post-15","page","type-page","status-publish","has-post-thumbnail","hentry"],"jetpack_sharing_enabled":true,"_links":{"self":[{"href":"https:\/\/dendrocopos.com\/index.php?rest_route=\/wp\/v2\/pages\/15","targetHints":{"allow":["GET"]}}],"collection":[{"href":"https:\/\/dendrocopos.com\/index.php?rest_route=\/wp\/v2\/pages"}],"about":[{"href":"https:\/\/dendrocopos.com\/index.php?rest_route=\/wp\/v2\/types\/page"}],"author":[{"embeddable":true,"href":"https:\/\/dendrocopos.com\/index.php?rest_route=\/wp\/v2\/users\/1"}],"replies":[{"embeddable":true,"href":"https:\/\/dendrocopos.com\/index.php?rest_route=%2Fwp%2Fv2%2Fcomments&post=15"}],"version-history":[{"count":5,"href":"https:\/\/dendrocopos.com\/index.php?rest_route=\/wp\/v2\/pages\/15\/revisions"}],"predecessor-version":[{"id":3034,"href":"https:\/\/dendrocopos.com\/index.php?rest_route=\/wp\/v2\/pages\/15\/revisions\/3034"}],"wp:featuredmedia":[{"embeddable":true,"href":"https:\/\/dendrocopos.com\/index.php?rest_route=\/wp\/v2\/media\/666"}],"wp:attachment":[{"href":"https:\/\/dendrocopos.com\/index.php?rest_route=%2Fwp%2Fv2%2Fmedia&parent=15"}],"curies":[{"name":"wp","href":"https:\/\/api.w.org\/{rel}","templated":true}]}}