{"id":14,"date":"2013-07-12T18:09:34","date_gmt":"2013-07-12T16:09:34","guid":{"rendered":"https:\/\/dendrocopos.com\/?page_id=14"},"modified":"2021-03-07T21:16:09","modified_gmt":"2021-03-07T19:16:09","slug":"enlaces","status":"publish","type":"page","link":"https:\/\/dendrocopos.com\/?page_id=14","title":{"rendered":"LINKS"},"content":{"rendered":"<div id=\"content\">\n<div id=\"linkcontainer\">\n<h3>Agencias fotograf\u00eda &#8211; Photography agency<\/h3>\n<ul>\n<li><a href=\"http:\/\/www.birdimagency.com\/?lang=2\">Birdimagency<\/a><\/li>\n<\/ul>\n<p><a title=\"Birdimagency\" href=\"http:\/\/www.birdimagency.com\/?lang=2\" target=\"_blank\" rel=\"noopener\"><img loading=\"lazy\" decoding=\"async\" class=\"size-full wp-image-2240 alignleft\" src=\"http:\/\/www.dendrocopos.com\/wp-content\/uploads\/2013\/07\/unnamed.png\" alt=\"unnamed\" width=\"157\" height=\"158\" srcset=\"https:\/\/www.dendrocopos.com\/wp-content\/uploads\/2013\/07\/unnamed.png 157w, https:\/\/www.dendrocopos.com\/wp-content\/uploads\/2013\/07\/unnamed-150x150.png 150w, https:\/\/www.dendrocopos.com\/wp-content\/uploads\/2013\/07\/unnamed-56x56.png 56w\" sizes=\"auto, (max-width: 157px) 100vw, 157px\" \/><\/a><\/p>\n<p>&nbsp;<\/p>\n<p>&nbsp;<\/p>\n<p>&nbsp;<\/p>\n<p>&nbsp;<\/p>\n<p>&nbsp;<\/p>\n<ul>\n<li><a title=\"Naturimages\" href=\"http:\/\/www.naturimages.com\" target=\"_blank\" rel=\"noopener\">Naturimages<\/a><\/li>\n<\/ul>\n<p>&nbsp;<\/p>\n<ul>\n<li><a href=\"http:\/\/www.naturepl.com\">NATURE PICTURE LIBRARY<\/a><\/li>\n<\/ul>\n<p>&nbsp;<\/p>\n<h3>Fot\u00f3grafos Nacionales &#8211; Spanish\u00a0\u00a0photographers<\/h3>\n<ul>\n<li><a class=\"external\" href=\"http:\/\/www.naturalfoto.es\/\" target=\"_blank\" rel=\"noopener\">Javier Ramos<\/a><\/li>\n<li><a class=\"external\" href=\"http:\/\/www.rafaramos.es\/\" target=\"_blank\" rel=\"noopener\">Rafael Ramos<\/a><\/li>\n<li><a href=\"http:\/\/www.antoniovazquez.com\/es\/index.php\">Antonio V\u00e1zquez<\/a><\/li>\n<li><a href=\"http:\/\/www.franciscomingorance.es\">Francisco Mingorance<\/a><\/li>\n<li><a class=\"external\" href=\"http:\/\/www.ramonnavarro.net\/\" target=\"_blank\" rel=\"noopener\">Ram\u00f3n Navarro<\/a><\/li>\n<li><a href=\"http:\/\/www.pbase.com\/mariofoto\">Mario Su\u00e1rez<\/a><\/li>\n<li><a href=\"http:\/\/www.peresoler.net\">Pere Soler<\/a><\/li>\n<li><a href=\"http:\/\/pedrojavierpascual.blogspot.com.es\">Pedro Javier Pascual<\/a><\/li>\n<li><a class=\"external\" href=\"http:\/\/www.juanmaorta.com\/\" target=\"_blank\" rel=\"noopener\">Juanma Orta<\/a><\/li>\n<li><a href=\"http:\/\/www.ugefuertes.com\">Uge Fuertes<\/a><\/li>\n<li><a href=\"http:\/\/www.rafaelrojas.com\">Rafael Rojas<\/a><\/li>\n<li><a class=\"external\" href=\"http:\/\/www.danielmontero.com\/\" target=\"_blank\" rel=\"noopener\">Daniel Montero<\/a><\/li>\n<li><a class=\"external\" href=\"http:\/\/www.adolfoventas.es\" target=\"_blank\" rel=\"noopener\">Adolfo Ventas<\/a><\/li>\n<li><a class=\"external\" href=\"http:\/\/www.kikoarcas.es\" target=\"_blank\" rel=\"noopener\">Kiko Arcas<\/a><\/li>\n<li><a class=\"external\" href=\"http:\/\/www.anibalferron.es\/index.html\" target=\"_blank\" rel=\"noopener\">An\u00edbal Ferr\u00f3n<\/a><\/li>\n<li><a class=\"external\" href=\"http:\/\/www.alfonsomico.com\/\" target=\"_blank\" rel=\"noopener\">Alfonso Mic\u00f3<\/a><\/li>\n<li><a class=\"external\" href=\"http:\/\/marcosveiga.com\/\" target=\"_blank\" rel=\"noopener\">Marcos Veiga<\/a><\/li>\n<li><a class=\"external\" href=\"http:\/\/www.vidasalvajefoto.es\/\" target=\"_blank\" rel=\"noopener\">Herminio M. Mu\u00f1iz<\/a><\/li>\n<li><a class=\"external\" href=\"http:\/\/www.fotonaturaleza.es\/\" target=\"_blank\" rel=\"noopener\">Jos\u00e9 Ram\u00f3n Lora Robles<\/a><\/li>\n<li><a class=\"external\" href=\"http:\/\/www.mertxealarcon.com\/\" target=\"_blank\" rel=\"noopener\">Mertxe Alarc\u00f3n<\/a><\/li>\n<li><a class=\"external\" href=\"http:\/\/www.felixfernandez.es\/\" target=\"_blank\" rel=\"noopener\">Felix Fernandez Calvillo<\/a><\/li>\n<li><a class=\"external\" href=\"http:\/\/www.juanmahernandez.es\/index.html\" target=\"_blank\" rel=\"noopener\">Juanma Hernandez<\/a><\/li>\n<li><a class=\"external\" href=\"http:\/\/www.isabeldiez.com\/\" target=\"_blank\" rel=\"noopener\">Isabel D\u00edez<\/a><\/li>\n<li><a class=\"external\" href=\"http:\/\/www.enriqueaguirre.com\/es\/\" target=\"_blank\" rel=\"noopener\">Enrique Aguirre<\/a><\/li>\n<li><a class=\"external\" href=\"http:\/\/www.mgmeider.com\" target=\"_blank\" rel=\"noopener\">Marcos G. Meider<\/a><\/li>\n<li><a class=\"external\" href=\"http:\/\/www.oscardiez.es\/\" target=\"_blank\" rel=\"noopener\">Oscar Diez<\/a><\/li>\n<li><a class=\"external\" href=\"http:\/\/www.javiermilla.es\/foto\/Index.htm\" target=\"_blank\" rel=\"noopener\">Javier Milla<\/a><\/li>\n<li><a class=\"external\" href=\"http:\/\/www.fitoexpert.com\/joanmanelpuig-fotografia\" target=\"_blank\" rel=\"noopener\">Joan Manel Puig<\/a><\/li>\n<li><a class=\"external\" href=\"http:\/\/www.anaretamero.com\/\" target=\"_blank\" rel=\"noopener\">Ana Retamero<\/a><\/li>\n<li><a class=\"external\" href=\"http:\/\/www.miguellasa.com\/\" target=\"_blank\" rel=\"noopener\">Miguel Lasa<\/a><\/li>\n<li><a class=\"external\" href=\"http:\/\/www.artenatural.com\/\" target=\"_blank\" rel=\"noopener\">Juan Carlos Mu\u00f1oz<\/a><\/li>\n<li><a class=\"external\" href=\"http:\/\/www.pedrotrejo.es\/\" target=\"_blank\" rel=\"noopener\">Pedro Trejo<\/a><\/li>\n<li><a class=\"external\" href=\"http:\/\/www.terra.es\/personal2\/jmartinsimon\/\" target=\"_blank\" rel=\"noopener\">Juan Mart\u00edn Sim\u00f3n<\/a><\/li>\n<li><a class=\"external\" href=\"http:\/\/www.javieralonso.net\/\" target=\"_blank\" rel=\"noopener\">Javier Alonso<\/a><\/li>\n<li><a class=\"external\" href=\"http:\/\/usuarios.lycos.es\/psegarra\/\" target=\"_blank\" rel=\"noopener\">Paco Segarra<\/a><\/li>\n<li><a class=\"external\" href=\"http:\/\/www.joanguillamat.com\/\" target=\"_blank\" rel=\"noopener\">Joan Guillamat<\/a><\/li>\n<li><a class=\"external\" href=\"http:\/\/troy.hostgo.com\/%7Emmasm\/\" target=\"_blank\" rel=\"noopener\">Beatriz Moreno<\/a><\/li>\n<li><a class=\"external\" href=\"http:\/\/www.josebruiz.com\/\" target=\"_blank\" rel=\"noopener\">Jos\u00e9 B. Ruiz<\/a><\/li>\n<li><a class=\"external\" href=\"http:\/\/www.ikusibilbao.com\/\" target=\"_blank\" rel=\"noopener\">Asier Castro<\/a><\/li>\n<li><a class=\"external\" href=\"http:\/\/www.vilaeditorial.com\/default.asp\" target=\"_blank\" rel=\"noopener\">Ricardo Vila<\/a><\/li>\n<li><a href=\"http:\/\/rosavazquez.com\">Rosa I. V\u00e1zquez<\/a><\/li>\n<li><a class=\"external\" href=\"http:\/\/www.alamany.com\/\" target=\"_blank\" rel=\"noopener\">Oriol Alamany<\/a><\/li>\n<li><a class=\"external\" href=\"http:\/\/www.santossaul.com\/\" target=\"_blank\" rel=\"noopener\">Saul Santos Diaz<\/a><\/li>\n<li><a class=\"external\" href=\"http:\/\/www.photosfera.com\/home2.html\" target=\"_blank\" rel=\"noopener\">I\u00f1aki Relanz\u00f3n<\/a><\/li>\n<li><a class=\"external\" href=\"http:\/\/lmcuaresma2.iespana.es\/\" target=\"_blank\" rel=\"noopener\">Luis M. Cuaresma<\/a><\/li>\n<li><a class=\"external\" href=\"http:\/\/www.fonamancha.com\/\" target=\"_blank\" rel=\"noopener\">Angel Novillo<\/a><\/li>\n<li><a class=\"external\" href=\"http:\/\/www.andalucia.net\/natura\/fotografia\/\" target=\"_blank\" rel=\"noopener\">Paco Alarc\u00f3n<\/a><\/li>\n<li><a class=\"external\" href=\"http:\/\/www.rosabasurto.com\/\" target=\"_blank\" rel=\"noopener\">Rosa Basurto<\/a><\/li>\n<li><a class=\"external\" href=\"http:\/\/personal.us.es\/frodri\/\" target=\"_blank\" rel=\"noopener\">Juan C Mu\u00f1oz<\/a><\/li>\n<li><a class=\"external\" href=\"http:\/\/www.luisllavori.com\/\" target=\"_blank\" rel=\"noopener\">Luis Fco. Llavori Romatet<\/a><\/li>\n<\/ul>\n<h3>Fot\u00f3grafos Internacionales &#8211; International photographers<\/h3>\n<ul>\n<li><a href=\"http:\/\/www.vogelfotografien.de\/\" target=\"_blank\" rel=\"noopener\">Jan Wegener<\/a>\u00a0(Alemania)<\/li>\n<li><a href=\"http:\/\/www.naturfotocamp.de\/?a=home\">Radomir Jakubowski<\/a>\u00a0(Alemania)<\/li>\n<li><a href=\"http:\/\/www.bartocha-photography.com\">Sandra Bartocha (Alemania)<\/a><\/li>\n<li><a href=\"http:\/\/www.marcadamus.com\">Marc Adamus<\/a>\u00a0(Oregon-USA)<\/li>\n<li><a href=\"http:\/\/www.calosoma.it\">Marco Colombo<\/a> (Italia)<\/li>\n<li><a href=\"http:\/\/www.bastienriu.com\">Bastien Riu<\/a> (Francia)<\/li>\n<li><a href=\"http:\/\/www.jonathanlhoir.com\/\">Jonathan Loir<\/a> (Francia)<\/li>\n<li><a class=\"external\" href=\"http:\/\/www.photograph-austria.at\/\" target=\"_blank\" rel=\"noopener\">Robert Kreinz &#8211; (Austria)<\/a><\/li>\n<li><a class=\"external\" href=\"http:\/\/www.arnaudgrizard.com\/index.php\" target=\"_blank\" rel=\"noopener\">Arnaud Grizard (Francia)<\/a><\/li>\n<li><a class=\"external\" href=\"http:\/\/www.brodowski-fotografie.de\/\" target=\"_blank\" rel=\"noopener\">Gerhard Brodowski &#8211; (Alemania)<\/a><\/li>\n<li><a class=\"external\" href=\"http:\/\/www.laforetvisuals.com\/\" target=\"_blank\" rel=\"noopener\">Vincent Laforet &#8211; USA<\/a><\/li>\n<li><a class=\"external\" href=\"http:\/\/torvaterra.zenfolio.com\/\" target=\"_blank\" rel=\"noopener\">Kate Garibaldi &#8211; USA<\/a><\/li>\n<li><a class=\"external\" href=\"http:\/\/www.artwolfe.com\/\" target=\"_blank\" rel=\"noopener\">Art Wolfe &#8211; (USA)<\/a><\/li>\n<li><a class=\"external\" href=\"http:\/\/www.jimbrandenburg.com\/flash\/index_flash.html\" target=\"_blank\" rel=\"noopener\">Jim Brandenburg &#8211; (Minnesota-USA)<\/a><\/li>\n<li><a class=\"external\" href=\"http:\/\/www.poelking.com\/\" target=\"_blank\" rel=\"noopener\">Fritz &amp; Gisela P\u00f6lking &#8211; (Alemania)<\/a><\/li>\n<li><a class=\"external\" href=\"http:\/\/www.vincentmunier.com\/\" target=\"_blank\" rel=\"noopener\">Vincent Munier &#8211; (Francia)<\/a><\/li>\n<li><a class=\"external\" href=\"http:\/\/xoomer.alice.it\/ripolini\/index.html\" target=\"_blank\" rel=\"noopener\">Riccardo Polini &#8211; (Italia)<\/a><\/li>\n<li><a class=\"external\" href=\"http:\/\/www.adamgibbs.ca\/Bio\/adambio.htm\" target=\"_blank\" rel=\"noopener\">Adam G\u00edbbs &#8211; (Canada)<\/a><\/li>\n<li><a class=\"external\" href=\"http:\/\/www.avianscapes.com\/\" target=\"_blank\" rel=\"noopener\">Fabiola del Alcazar &#8211; (USA)<\/a><\/li>\n<li><a class=\"external\" href=\"http:\/\/www.pbase.com\/dophoto\" target=\"_blank\" rel=\"noopener\">Daniele Occhiato &#8211; (Italia)<\/a><\/li>\n<li><a class=\"external\" href=\"http:\/\/www.richter-naturfotografie.de\/\" target=\"_blank\" rel=\"noopener\">Oliver Richter &#8211; (Alemania)<\/a><\/li>\n<li><a class=\"external\" href=\"http:\/\/www.amsel-drossel-fink-und-star.de\/\" target=\"_blank\" rel=\"noopener\">Chris Romeiks &#8211; (Alemania)<\/a><\/li>\n<li><a class=\"external\" href=\"http:\/\/habitatnatural-fotografia.blogspot.com\/\" target=\"_blank\" rel=\"noopener\">Ant\u00f3nio Marques &#8211; (Portugal<\/a><\/li>\n<li><a class=\"external\" href=\"http:\/\/www.erwanbalanca.com\/site3\/\" target=\"_blank\" rel=\"noopener\">Erwan Balan\u00e7a &#8211; (Francia)<\/a><\/li>\n<li><a class=\"external\" href=\"http:\/\/www.alanmurphyphotography.com\/\" target=\"_blank\" rel=\"noopener\">Alan Murphy &#8211; (England)<\/a><\/li>\n<\/ul>\n<p>Tiendas de fotograf\u00eda y naturaleza en general<\/p>\n<ul>\n<li><a class=\"external\" href=\"http:\/\/www.martin-iglesias.com\/\" target=\"_blank\" rel=\"noopener\">Mart\u00edn Iglesias s.l<\/a>\u00a0Tienda especializada en material fotogr\u00e1fico<\/li>\n<li><a class=\"external\" href=\"http:\/\/www.opakua.com\" target=\"_blank\" rel=\"noopener\"><img loading=\"lazy\" decoding=\"async\" class=\"wp-image-2474 alignleft\" src=\"http:\/\/www.dendrocopos.com\/wp-content\/uploads\/2013\/07\/logo-370x86.gif\" alt=\"logo\" width=\"119\" height=\"28\" srcset=\"https:\/\/www.dendrocopos.com\/wp-content\/uploads\/2013\/07\/logo-370x86.gif 370w, https:\/\/www.dendrocopos.com\/wp-content\/uploads\/2013\/07\/logo-150x35.gif 150w, https:\/\/www.dendrocopos.com\/wp-content\/uploads\/2013\/07\/logo-200x47.gif 200w\" sizes=\"auto, (max-width: 119px) 100vw, 119px\" \/>\u00a0Prism\u00e1ticos OPAKUA.\u00a0<\/a>\u00a0Prism\u00e1ticos OPAKUA. Prism\u00e1ticos de bolsillo y compactos para uso frecuente. Prism\u00e1ticos para miradores, gafas de carbono y tarjetas lupa.<\/li>\n<li><a class=\"external\" href=\"http:\/\/www.jama.fr\/index-es.php\" target=\"_blank\" rel=\"noopener\">Jama<\/a>\u00a0Accesorios para la fotograf\u00eda de naturaleza.<\/li>\n<li><a class=\"external\" href=\"http:\/\/www.irudifoto.com\/\" target=\"_blank\" rel=\"noopener\">IrudiFoto<\/a><\/li>\n<\/ul>\n<h3>Webs de fotograf\u00eda &#8211;\u00a0Photography Websites<\/h3>\n<ul>\n<li><a class=\"external\" href=\"http:\/\/500px.com\/editors\" target=\"_blank\" rel=\"noopener\">500px<\/a><\/li>\n<li><a class=\"external\" href=\"http:\/\/1x.com\/photos\" target=\"_blank\" rel=\"noopener\">1x<\/a><\/li>\n<li><a class=\"external\" href=\"http:\/\/www.naturescapes.net\/docs\/\" target=\"_blank\" rel=\"noopener\">Naturescapes.net<\/a>The resource for nature photographers<\/li>\n<li><a class=\"external\" href=\"http:\/\/www.naturapics.com\" target=\"_blank\" rel=\"noopener\">Naturapics<\/a>Portal de Fotograf\u00eda de Naturaleza Frances<\/li>\n<li><a class=\"external\" href=\"http:\/\/www.fotoenlacenatural.com\/\" target=\"_blank\" rel=\"noopener\">Fotoenlacenatural<\/a>Pagina de enlaces web sobre fotograf\u00eda de naturaleza<\/li>\n<li><a class=\"external\" href=\"http:\/\/photo.net\/\" target=\"_blank\" rel=\"noopener\">Photo.net<\/a>Una comunidad de fot\u00f3grafos<\/li>\n<li><a class=\"external\" href=\"http:\/\/www.fnaweb.com.ar\/Index.htm\" target=\"_blank\" rel=\"noopener\">FNA<\/a>Portal de Fotograf\u00eda de Naturaleza Argentina<\/li>\n<li><a class=\"external\" href=\"http:\/\/www.birdphotographers.net\/\" target=\"_blank\" rel=\"noopener\">Birdphotographers.net<\/a>Foro de fotograf\u00eda de aves<\/li>\n<li><a class=\"external\" href=\"http:\/\/www.fotoaficionado.com\/\" target=\"_blank\" rel=\"noopener\">Fotoaficionado<\/a>Noticias de fotograf\u00eda digital<\/li>\n<\/ul>\n<\/div>\n<\/div>\n","protected":false},"excerpt":{"rendered":"<p>Agencias fotograf\u00eda &#8211; Photography agency Birdimagency &nbsp; &nbsp; &nbsp; &nbsp; &nbsp; Naturimages &nbsp; NATURE PICTURE LIBRARY &nbsp; Fot\u00f3grafos Nacionales &#8211; Spanish\u00a0\u00a0photographers Javier Ramos Rafael Ramos&hellip; <\/p>\n","protected":false},"author":1,"featured_media":0,"parent":0,"menu_order":0,"comment_status":"closed","ping_status":"closed","template":"","meta":{"footnotes":""},"class_list":["post-14","page","type-page","status-publish","hentry"],"jetpack_sharing_enabled":true,"_links":{"self":[{"href":"https:\/\/dendrocopos.com\/index.php?rest_route=\/wp\/v2\/pages\/14","targetHints":{"allow":["GET"]}}],"collection":[{"href":"https:\/\/dendrocopos.com\/index.php?rest_route=\/wp\/v2\/pages"}],"about":[{"href":"https:\/\/dendrocopos.com\/index.php?rest_route=\/wp\/v2\/types\/page"}],"author":[{"embeddable":true,"href":"https:\/\/dendrocopos.com\/index.php?rest_route=\/wp\/v2\/users\/1"}],"replies":[{"embeddable":true,"href":"https:\/\/dendrocopos.com\/index.php?rest_route=%2Fwp%2Fv2%2Fcomments&post=14"}],"version-history":[{"count":1,"href":"https:\/\/dendrocopos.com\/index.php?rest_route=\/wp\/v2\/pages\/14\/revisions"}],"predecessor-version":[{"id":2961,"href":"https:\/\/dendrocopos.com\/index.php?rest_route=\/wp\/v2\/pages\/14\/revisions\/2961"}],"wp:attachment":[{"href":"https:\/\/dendrocopos.com\/index.php?rest_route=%2Fwp%2Fv2%2Fmedia&parent=14"}],"curies":[{"name":"wp","href":"https:\/\/api.w.org\/{rel}","templated":true}]}}